{"id":28,"date":"2019-12-08T11:47:19","date_gmt":"2019-12-08T11:47:19","guid":{"rendered":"http:\/\/kkhpaunila.fi\/?page_id=28"},"modified":"2026-03-22T20:52:55","modified_gmt":"2026-03-22T20:52:55","slug":"etusivu","status":"publish","type":"page","link":"https:\/\/kkhpaunila.fi\/","title":{"rendered":"Etusivu"},"content":{"rendered":"<h2>Kodinkonehuolto Paunila huoltaa ja korjaa kaikki kodinkoneet Helsinki Espoo Lohja<\/h2>\n<h2>Ammattikeitti\u00f6 ja pesulakoneet<\/h2>\n<p>\u00a0Korjaamme kaiken merkkiset ammattikeitti\u00f6 ja pesulakoneet.<\/p>\n<p>Esim: Electrolux Professional, Wascator, Esteri, Dieta, Metos, Kopal, Talpet, Dihr, Brema, Scotsman, Comeda, Copal, Adrel, Electrobar, Barcher<\/p>\n<p>P\u00e4ivystys 24\/7<\/p>\n<p>0600-13331<\/p>\n<p>\t\t\t<a href=\"http:\/\/kkhpaunila.fi\/?page_id=36\" role=\"button\"><br \/>\n\t\t\t\t\t\tOTA YHTEYTT\u00c4<br \/>\n\t\t\t\t\t<\/a><\/p>\n<h2>HUOLTO JA VARAOSAT<\/h2>\n<p>Meilt\u00e4 l\u00f6yd\u00e4t nopeasti ja luotettavasti parhaat varaosat ja tarvikkeet kaikkiin merkkeihin.<\/p>\n<p>Jos varastollamme ei ole haluamaasi tuotetta, on se l\u00e4hes aina toimitettavissa kohtuu toimitusajalla.<\/p>\n<h2>TILAA HUOLTO<\/h2>\n<p>Myymme, asennamme, huollamme ja korjaamme niin kodin kuin pesula- sek\u00e4 laitoskoneet nopeasti ammattitaidolla.<\/p>\n<p>\t\t\t<a href=\"http:\/\/kkhpaunila.fi\/?page_id=34\" role=\"button\"><br \/>\n\t\t\t\t\t\tTILAA HUOLTO<br \/>\n\t\t\t\t\t<\/a><\/p>\n<h2>Paunila Group<\/h2>\n<h1>\n\t\t\t\tErotin\t\t\t\t<\/h1>\n<p>Olemme usean eri merkin valtuutettu huoltoliike. Huollamme ja korjaamme kaikki kodinkoneet merkist\u00e4,i\u00e4st\u00e4 tai koosta riippumatta. Myymme, asennamme,huollamme ja korjaamme niin kodin kuin teollisuudenkin laitteet nopeasti ammattitaidolla.<br \/>Meilt\u00e4 saat varaosat kaiken merkkisiin kodinkoneisiin kohtuullisella toimitusajalla!<\/p>\n<p>\t\t\t<a href=\"http:\/\/kkhpaunila.fi\/?page_id=34\" role=\"button\"><br \/>\n\t\t\t\t\t\tTILAA HUOLTO<br \/>\n\t\t\t\t\t<\/a><br \/>\n\t\t\t<a href=\"http:\/\/kkhpaunila.fi\/?page_id=36\" role=\"button\"><br \/>\n\t\t\t\t\t\tYHTEYSTIEDOT<br \/>\n\t\t\t\t\t<\/a><\/p>\n<figure class='gallery-item'>\n\t\t\t\t<a data-elementor-open-lightbox=\"yes\" data-elementor-lightbox-slideshow=\"e51c53e\" data-elementor-lightbox-title=\"Electrolux-Logo\" href='https:\/\/kkhpaunila.fi\/wp-content\/uploads\/2019\/12\/Electrolux-Logo.png'><img loading=\"lazy\" width=\"300\" height=\"169\" src=\"https:\/\/kkhpaunila.fi\/wp-content\/uploads\/2019\/12\/Electrolux-Logo-300x169.png\" alt=\"\" decoding=\"async\" loading=\"lazy\" srcset=\"https:\/\/kkhpaunila.fi\/wp-content\/uploads\/2019\/12\/Electrolux-Logo-300x169.png 300w, https:\/\/kkhpaunila.fi\/wp-content\/uploads\/2019\/12\/Electrolux-Logo-1024x576.png 1024w, https:\/\/kkhpaunila.fi\/wp-content\/uploads\/2019\/12\/Electrolux-Logo-768x432.png 768w, https:\/\/kkhpaunila.fi\/wp-content\/uploads\/2019\/12\/Electrolux-Logo-1536x864.png 1536w, https:\/\/kkhpaunila.fi\/wp-content\/uploads\/2019\/12\/Electrolux-Logo.png 1920w\" sizes=\"auto, (max-width: 300px) 100vw, 300px\" \/><\/a><br \/>\n\t\t\t<\/figure>\n<figure class='gallery-item'>\n\t\t\t\t<a data-elementor-open-lightbox=\"yes\" data-elementor-lightbox-slideshow=\"e51c53e\" data-elementor-lightbox-title=\"logo-rosenlew\" href='https:\/\/kkhpaunila.fi\/wp-content\/uploads\/2019\/12\/logo-rosenlew.png'><img loading=\"lazy\" width=\"300\" height=\"104\" src=\"https:\/\/kkhpaunila.fi\/wp-content\/uploads\/2019\/12\/logo-rosenlew-300x104.png\" alt=\"\" decoding=\"async\" loading=\"lazy\" srcset=\"https:\/\/kkhpaunila.fi\/wp-content\/uploads\/2019\/12\/logo-rosenlew-300x104.png 300w, https:\/\/kkhpaunila.fi\/wp-content\/uploads\/2019\/12\/logo-rosenlew-768x265.png 768w, https:\/\/kkhpaunila.fi\/wp-content\/uploads\/2019\/12\/logo-rosenlew.png 813w\" sizes=\"auto, (max-width: 300px) 100vw, 300px\" \/><\/a><br \/>\n\t\t\t<\/figure>\n<figure class='gallery-item'>\n\t\t\t\t<a data-elementor-open-lightbox=\"yes\" data-elementor-lightbox-slideshow=\"e51c53e\" data-elementor-lightbox-title=\"Bosch-01-2\" href='https:\/\/kkhpaunila.fi\/wp-content\/uploads\/2019\/12\/Bosch-01-2.png'><img loading=\"lazy\" width=\"219\" height=\"56\" src=\"https:\/\/kkhpaunila.fi\/wp-content\/uploads\/2019\/12\/Bosch-01-2.png\" alt=\"\" decoding=\"async\" loading=\"lazy\" \/><\/a><br \/>\n\t\t\t<\/figure>\n<figure class='gallery-item'>\n\t\t\t\t<a data-elementor-open-lightbox=\"yes\" data-elementor-lightbox-slideshow=\"e51c53e\" data-elementor-lightbox-title=\"aeg2\" href='https:\/\/kkhpaunila.fi\/wp-content\/uploads\/2019\/12\/aeg2.gif'><img loading=\"lazy\" width=\"162\" height=\"62\" src=\"https:\/\/kkhpaunila.fi\/wp-content\/uploads\/2019\/12\/aeg2.gif\" alt=\"\" decoding=\"async\" loading=\"lazy\" \/><\/a><br \/>\n\t\t\t<\/figure>\n<figure class='gallery-item'>\n\t\t\t\t<a data-elementor-open-lightbox=\"yes\" data-elementor-lightbox-slideshow=\"e51c53e\" data-elementor-lightbox-title=\"Whirlpool-01-2\" href='https:\/\/kkhpaunila.fi\/wp-content\/uploads\/2019\/12\/Whirlpool-01-2.png'><img loading=\"lazy\" width=\"234\" height=\"111\" src=\"https:\/\/kkhpaunila.fi\/wp-content\/uploads\/2019\/12\/Whirlpool-01-2.png\" alt=\"\" decoding=\"async\" loading=\"lazy\" \/><\/a><br \/>\n\t\t\t<\/figure>\n<figure class='gallery-item'>\n\t\t\t\t<a data-elementor-open-lightbox=\"yes\" data-elementor-lightbox-slideshow=\"e51c53e\" data-elementor-lightbox-title=\"siemens-logo\" href='https:\/\/kkhpaunila.fi\/wp-content\/uploads\/2019\/12\/siemens-logo.jpg'><img loading=\"lazy\" width=\"300\" height=\"120\" src=\"https:\/\/kkhpaunila.fi\/wp-content\/uploads\/2019\/12\/siemens-logo-300x120.jpg\" alt=\"\" decoding=\"async\" loading=\"lazy\" srcset=\"https:\/\/kkhpaunila.fi\/wp-content\/uploads\/2019\/12\/siemens-logo-300x120.jpg 300w, https:\/\/kkhpaunila.fi\/wp-content\/uploads\/2019\/12\/siemens-logo.jpg 500w\" sizes=\"auto, (max-width: 300px) 100vw, 300px\" \/><\/a><br \/>\n\t\t\t<\/figure>\n<figure class='gallery-item'>\n\t\t\t\t<a data-elementor-open-lightbox=\"yes\" data-elementor-lightbox-slideshow=\"e51c53e\" data-elementor-lightbox-title=\"1280px-Samsung_Logo.svg_\" href='https:\/\/kkhpaunila.fi\/wp-content\/uploads\/2019\/12\/1280px-Samsung_Logo.svg_.png'><img loading=\"lazy\" width=\"300\" height=\"100\" src=\"https:\/\/kkhpaunila.fi\/wp-content\/uploads\/2019\/12\/1280px-Samsung_Logo.svg_-300x100.png\" alt=\"\" decoding=\"async\" loading=\"lazy\" srcset=\"https:\/\/kkhpaunila.fi\/wp-content\/uploads\/2019\/12\/1280px-Samsung_Logo.svg_-300x100.png 300w, https:\/\/kkhpaunila.fi\/wp-content\/uploads\/2019\/12\/1280px-Samsung_Logo.svg_-1024x340.png 1024w, https:\/\/kkhpaunila.fi\/wp-content\/uploads\/2019\/12\/1280px-Samsung_Logo.svg_-768x255.png 768w, https:\/\/kkhpaunila.fi\/wp-content\/uploads\/2019\/12\/1280px-Samsung_Logo.svg_.png 1280w\" sizes=\"auto, (max-width: 300px) 100vw, 300px\" \/><\/a><br \/>\n\t\t\t<\/figure>\n<figure class='gallery-item'>\n\t\t\t\t<a data-elementor-open-lightbox=\"yes\" data-elementor-lightbox-slideshow=\"e51c53e\" data-elementor-lightbox-title=\"lg-logo-1-2\" href='https:\/\/kkhpaunila.fi\/wp-content\/uploads\/2019\/12\/lg-logo-1-2.jpg'><img loading=\"lazy\" width=\"175\" height=\"103\" src=\"https:\/\/kkhpaunila.fi\/wp-content\/uploads\/2019\/12\/lg-logo-1-2.jpg\" alt=\"\" decoding=\"async\" loading=\"lazy\" \/><\/a><br \/>\n\t\t\t<\/figure>\n<figure class='gallery-item'>\n\t\t\t\t<a data-elementor-open-lightbox=\"yes\" data-elementor-lightbox-slideshow=\"e51c53e\" data-elementor-lightbox-title=\"2000px-Miele_logo-copy-300x150\" href='https:\/\/kkhpaunila.fi\/wp-content\/uploads\/2023\/11\/2000px-Miele_logo-copy-300x150-1.png'><img loading=\"lazy\" width=\"168\" height=\"42\" src=\"https:\/\/kkhpaunila.fi\/wp-content\/uploads\/2023\/11\/2000px-Miele_logo-copy-300x150-1.png\" alt=\"\" decoding=\"async\" loading=\"lazy\" \/><\/a><br \/>\n\t\t\t<\/figure>\n","protected":false},"excerpt":{"rendered":"<p>Kodinkonehuolto Paunila huoltaa ja korjaa kaikki kodinkoneet Helsinki Espoo Lohja Ammattikeitti\u00f6 ja pesulakoneet \u00a0Korjaamme kaiken merkkiset ammattikeitti\u00f6 ja pesulakoneet. Esim: Electrolux Professional, Wascator, Esteri, Dieta, Metos, Kopal, Talpet, Dihr, Brema, Scotsman, Comeda, Copal, Adrel, Electrobar, Barcher P\u00e4ivystys 24\/7 0600-13331 OTA YHTEYTT\u00c4 HUOLTO JA VARAOSAT Meilt\u00e4 l\u00f6yd\u00e4t nopeasti ja luotettavasti parhaat varaosat ja tarvikkeet kaikkiin merkkeihin. [&hellip;]<\/p>\n","protected":false},"author":1,"featured_media":0,"parent":0,"menu_order":0,"comment_status":"closed","ping_status":"closed","template":"elementor_header_footer","meta":{"footnotes":""},"class_list":["post-28","page","type-page","status-publish","hentry","entry"],"_links":{"self":[{"href":"https:\/\/kkhpaunila.fi\/index.php?rest_route=\/wp\/v2\/pages\/28","targetHints":{"allow":["GET"]}}],"collection":[{"href":"https:\/\/kkhpaunila.fi\/index.php?rest_route=\/wp\/v2\/pages"}],"about":[{"href":"https:\/\/kkhpaunila.fi\/index.php?rest_route=\/wp\/v2\/types\/page"}],"author":[{"embeddable":true,"href":"https:\/\/kkhpaunila.fi\/index.php?rest_route=\/wp\/v2\/users\/1"}],"replies":[{"embeddable":true,"href":"https:\/\/kkhpaunila.fi\/index.php?rest_route=%2Fwp%2Fv2%2Fcomments&post=28"}],"version-history":[{"count":46,"href":"https:\/\/kkhpaunila.fi\/index.php?rest_route=\/wp\/v2\/pages\/28\/revisions"}],"predecessor-version":[{"id":403,"href":"https:\/\/kkhpaunila.fi\/index.php?rest_route=\/wp\/v2\/pages\/28\/revisions\/403"}],"wp:attachment":[{"href":"https:\/\/kkhpaunila.fi\/index.php?rest_route=%2Fwp%2Fv2%2Fmedia&parent=28"}],"curies":[{"name":"wp","href":"https:\/\/api.w.org\/{rel}","templated":true}]}}