{"id":30,"date":"2019-12-08T11:47:42","date_gmt":"2019-12-08T11:47:42","guid":{"rendered":"http:\/\/kkhpaunila.fi\/?page_id=30"},"modified":"2023-11-11T15:26:18","modified_gmt":"2023-11-11T15:26:18","slug":"huolto-ja-varaosat","status":"publish","type":"page","link":"https:\/\/kkhpaunila.fi\/?page_id=30","title":{"rendered":"Huolto ja varaosat"},"content":{"rendered":"\t\t<div data-elementor-type=\"wp-page\" data-elementor-id=\"30\" class=\"elementor elementor-30\">\n\t\t\t\t\t\t<section class=\"elementor-section elementor-top-section elementor-element elementor-element-356aec22 elementor-section-boxed elementor-section-height-default elementor-section-height-default\" data-id=\"356aec22\" data-element_type=\"section\" data-e-type=\"section\">\n\t\t\t\t\t\t<div class=\"elementor-container elementor-column-gap-default\">\n\t\t\t\t\t<div class=\"elementor-column elementor-col-50 elementor-top-column elementor-element elementor-element-457e0ef0\" data-id=\"457e0ef0\" data-element_type=\"column\" data-e-type=\"column\">\n\t\t\t<div class=\"elementor-widget-wrap elementor-element-populated\">\n\t\t\t\t\t\t<div class=\"elementor-element elementor-element-1c1506c6 elementor-widget elementor-widget-heading\" data-id=\"1c1506c6\" data-element_type=\"widget\" data-e-type=\"widget\" data-widget_type=\"heading.default\">\n\t\t\t\t\t<h2 class=\"elementor-heading-title elementor-size-default\">Huollamme kaikki kotisi kodinkoneet! J\u00e4\u00e4kaapit, Pesukoneet, Tiskikoneet, Imurit, Mikrot, Kuivausrummut yms<\/h2>\t\t\t\t<\/div>\n\t\t\t\t<div class=\"elementor-element elementor-element-efde00a elementor-widget-divider--view-line elementor-widget elementor-widget-divider\" data-id=\"efde00a\" data-element_type=\"widget\" data-e-type=\"widget\" data-widget_type=\"divider.default\">\n\t\t\t\t\t\t\t<div class=\"elementor-divider\">\n\t\t\t<span class=\"elementor-divider-separator\">\n\t\t\t\t\t\t<\/span>\n\t\t<\/div>\n\t\t\t\t\t\t<\/div>\n\t\t\t\t<div class=\"elementor-element elementor-element-1abac21f elementor-widget elementor-widget-text-editor\" data-id=\"1abac21f\" data-element_type=\"widget\" data-e-type=\"widget\" data-widget_type=\"text-editor.default\">\n\t\t\t\t\t\t\t\t\t<p>Tervetuloa parhaille varaosakaupoille! Meilt\u00e4 l\u00f6yd\u00e4t nopeasti ja luotettavasti parhaat varaosat ja tarvikkeet kaikkiin merkkeihin. Mik\u00e4li varastostamme ei haluamaasi tuotetta l\u00f6ydy, on se l\u00e4hes aina toimitettavissa kohtuu toimitusajalla. (voit my\u00f6s tehd\u00e4 varaosakyselyn\/tilauksen huoltotilaus lomakkeella)<\/p>\t\t\t\t\t\t\t\t<\/div>\n\t\t\t\t<div class=\"elementor-element elementor-element-d1ef033 elementor-widget elementor-widget-text-editor\" data-id=\"d1ef033\" data-element_type=\"widget\" data-e-type=\"widget\" data-widget_type=\"text-editor.default\">\n\t\t\t\t\t\t\t\t\t<p>Toiminta alueemme Espoo, Lohja, Helsinki,Vantaa, Kirkkonummi, Raasepori, Inkoo, Siuntio, Nummi-Pusula, Vihti, Karkkila ja Karjalohja<\/p><p><b>Takuu ajan j\u00e4lkeen huollamme kaikki merkit!<\/b><\/p><p><b><span style=\"text-decoration: underline;\">Tilatessasi huollon hyv\u00e4ksyt <a href=\"http:\/\/kkhpaunila.fi\/wp-content\/uploads\/2021\/01\/huoltoehdot.txt\">huoltoehdot<\/a><\/span> <br \/><\/b><\/p>\t\t\t\t\t\t\t\t<\/div>\n\t\t\t\t\t<\/div>\n\t\t<\/div>\n\t\t\t\t<div class=\"elementor-column elementor-col-50 elementor-top-column elementor-element elementor-element-2607649c\" data-id=\"2607649c\" data-element_type=\"column\" data-e-type=\"column\">\n\t\t\t<div class=\"elementor-widget-wrap elementor-element-populated\">\n\t\t\t\t\t\t<div class=\"elementor-element elementor-element-8c49cd3 elementor-align-center elementor-widget elementor-widget-button\" data-id=\"8c49cd3\" data-element_type=\"widget\" data-e-type=\"widget\" data-widget_type=\"button.default\">\n\t\t\t\t\t\t\t\t\t\t<a class=\"elementor-button elementor-button-link elementor-size-sm\" href=\"http:\/\/kkhpaunila.fi\/?page_id=34\">\n\t\t\t\t\t\t<span class=\"elementor-button-content-wrapper\">\n\t\t\t\t\t\t\t\t\t<span class=\"elementor-button-text\">HUOLTOTILAUS<\/span>\n\t\t\t\t\t<\/span>\n\t\t\t\t\t<\/a>\n\t\t\t\t\t\t\t\t<\/div>\n\t\t\t\t<div class=\"elementor-element elementor-element-6e1ab2d elementor-align-center elementor-widget elementor-widget-button\" data-id=\"6e1ab2d\" data-element_type=\"widget\" data-e-type=\"widget\" data-widget_type=\"button.default\">\n\t\t\t\t\t\t\t\t\t\t<a class=\"elementor-button elementor-button-link elementor-size-sm\" href=\"http:\/\/kkhpaunila.fi\/?page_id=36\">\n\t\t\t\t\t\t<span class=\"elementor-button-content-wrapper\">\n\t\t\t\t\t\t\t\t\t<span class=\"elementor-button-text\">YHTEYSTIEDOT<\/span>\n\t\t\t\t\t<\/span>\n\t\t\t\t\t<\/a>\n\t\t\t\t\t\t\t\t<\/div>\n\t\t\t\t\t<\/div>\n\t\t<\/div>\n\t\t\t\t\t<\/div>\n\t\t<\/section>\n\t\t\t\t<section class=\"elementor-section elementor-top-section elementor-element elementor-element-af8223c elementor-section-boxed elementor-section-height-default elementor-section-height-default\" data-id=\"af8223c\" data-element_type=\"section\" data-e-type=\"section\">\n\t\t\t\t\t\t<div class=\"elementor-container elementor-column-gap-default\">\n\t\t\t\t\t<div class=\"elementor-column elementor-col-100 elementor-top-column elementor-element elementor-element-0f8f5b9\" data-id=\"0f8f5b9\" data-element_type=\"column\" data-e-type=\"column\">\n\t\t\t<div class=\"elementor-widget-wrap elementor-element-populated\">\n\t\t\t\t\t\t<div class=\"elementor-element elementor-element-41ee8bb elementor-widget-divider--view-line elementor-widget elementor-widget-divider\" data-id=\"41ee8bb\" data-element_type=\"widget\" data-e-type=\"widget\" data-widget_type=\"divider.default\">\n\t\t\t\t\t\t\t<div class=\"elementor-divider\">\n\t\t\t<span class=\"elementor-divider-separator\">\n\t\t\t\t\t\t<\/span>\n\t\t<\/div>\n\t\t\t\t\t\t<\/div>\n\t\t\t\t\t<\/div>\n\t\t<\/div>\n\t\t\t\t\t<\/div>\n\t\t<\/section>\n\t\t\t\t<section class=\"elementor-section elementor-top-section elementor-element elementor-element-b16f819 elementor-section-boxed elementor-section-height-default elementor-section-height-default\" data-id=\"b16f819\" data-element_type=\"section\" data-e-type=\"section\">\n\t\t\t\t\t\t<div class=\"elementor-container elementor-column-gap-default\">\n\t\t\t\t\t<div class=\"elementor-column elementor-col-50 elementor-top-column elementor-element elementor-element-66b1b54\" data-id=\"66b1b54\" data-element_type=\"column\" data-e-type=\"column\">\n\t\t\t<div class=\"elementor-widget-wrap elementor-element-populated\">\n\t\t\t\t\t\t<div class=\"elementor-element elementor-element-fed25c7 elementor-widget elementor-widget-text-editor\" data-id=\"fed25c7\" data-element_type=\"widget\" data-e-type=\"widget\" data-widget_type=\"text-editor.default\">\n\t\t\t\t\t\t\t\t\t<p>Takuu :<\/p><p>\u00a0<\/p><p>\u00a0<\/p><p>*WHIRLPOOL<\/p><p>*Electrolux<\/p><p>* AEG<\/p><p>* AHMA<br \/>* TECHWOOD<br \/>* BLOMBERG<br \/>* UNIT<br \/>* KENWOOD<br \/>* INDESIT<br \/>* ARISTON<br \/>* DYSON<br \/>* IROBOT<br \/>* DELONGHI<br \/>* FRANKE<br \/>* BAUKNECHT<br \/>* LIEBHERR<br \/>* INGIS<br \/>*Daewoo<br \/>*Panasonic<br \/>*Vestfrost<br \/>*Kotipyykk\u00e4ri<br \/>*Vestfrost<\/p>\t\t\t\t\t\t\t\t<\/div>\n\t\t\t\t\t<\/div>\n\t\t<\/div>\n\t\t\t\t<div class=\"elementor-column elementor-col-50 elementor-top-column elementor-element elementor-element-b3b7a11\" data-id=\"b3b7a11\" data-element_type=\"column\" data-e-type=\"column\">\n\t\t\t<div class=\"elementor-widget-wrap elementor-element-populated\">\n\t\t\t\t\t\t<div class=\"elementor-element elementor-element-7fc61961 elementor-widget elementor-widget-image-gallery\" data-id=\"7fc61961\" data-element_type=\"widget\" data-e-type=\"widget\" data-widget_type=\"image-gallery.default\">\n\t\t\t\t\t\t\t<div class=\"elementor-image-gallery\">\n\t\t\t<div id='gallery-1' class='gallery galleryid-30 gallery-columns-3 gallery-size-medium'><figure class='gallery-item'>\n\t\t\t<div class='gallery-icon landscape'>\n\t\t\t\t<a data-elementor-open-lightbox=\"yes\" data-elementor-lightbox-slideshow=\"7fc61961\" data-elementor-lightbox-title=\"Electrolux-Logo\" data-e-action-hash=\"#elementor-action%3Aaction%3Dlightbox%26settings%3DeyJpZCI6NTgsInVybCI6Imh0dHBzOlwvXC9ra2hwYXVuaWxhLmZpXC93cC1jb250ZW50XC91cGxvYWRzXC8yMDE5XC8xMlwvRWxlY3Ryb2x1eC1Mb2dvLnBuZyIsInNsaWRlc2hvdyI6IjdmYzYxOTYxIn0%3D\" href='https:\/\/kkhpaunila.fi\/wp-content\/uploads\/2019\/12\/Electrolux-Logo.png'><img fetchpriority=\"high\" decoding=\"async\" width=\"300\" height=\"169\" src=\"https:\/\/kkhpaunila.fi\/wp-content\/uploads\/2019\/12\/Electrolux-Logo-300x169.png\" class=\"attachment-medium size-medium\" alt=\"\" srcset=\"https:\/\/kkhpaunila.fi\/wp-content\/uploads\/2019\/12\/Electrolux-Logo-300x169.png 300w, https:\/\/kkhpaunila.fi\/wp-content\/uploads\/2019\/12\/Electrolux-Logo-1024x576.png 1024w, https:\/\/kkhpaunila.fi\/wp-content\/uploads\/2019\/12\/Electrolux-Logo-768x432.png 768w, https:\/\/kkhpaunila.fi\/wp-content\/uploads\/2019\/12\/Electrolux-Logo-1536x864.png 1536w, https:\/\/kkhpaunila.fi\/wp-content\/uploads\/2019\/12\/Electrolux-Logo.png 1920w\" sizes=\"(max-width: 300px) 100vw, 300px\" \/><\/a>\n\t\t\t<\/div><\/figure><figure class='gallery-item'>\n\t\t\t<div class='gallery-icon landscape'>\n\t\t\t\t<a data-elementor-open-lightbox=\"yes\" data-elementor-lightbox-slideshow=\"7fc61961\" data-elementor-lightbox-title=\"logo-rosenlew\" data-e-action-hash=\"#elementor-action%3Aaction%3Dlightbox%26settings%3DeyJpZCI6NTcsInVybCI6Imh0dHBzOlwvXC9ra2hwYXVuaWxhLmZpXC93cC1jb250ZW50XC91cGxvYWRzXC8yMDE5XC8xMlwvbG9nby1yb3Nlbmxldy5wbmciLCJzbGlkZXNob3ciOiI3ZmM2MTk2MSJ9\" href='https:\/\/kkhpaunila.fi\/wp-content\/uploads\/2019\/12\/logo-rosenlew.png'><img decoding=\"async\" width=\"300\" height=\"104\" src=\"https:\/\/kkhpaunila.fi\/wp-content\/uploads\/2019\/12\/logo-rosenlew-300x104.png\" class=\"attachment-medium size-medium\" alt=\"\" srcset=\"https:\/\/kkhpaunila.fi\/wp-content\/uploads\/2019\/12\/logo-rosenlew-300x104.png 300w, https:\/\/kkhpaunila.fi\/wp-content\/uploads\/2019\/12\/logo-rosenlew-768x265.png 768w, https:\/\/kkhpaunila.fi\/wp-content\/uploads\/2019\/12\/logo-rosenlew.png 813w\" sizes=\"(max-width: 300px) 100vw, 300px\" \/><\/a>\n\t\t\t<\/div><\/figure><figure class='gallery-item'>\n\t\t\t<div class='gallery-icon landscape'>\n\t\t\t\t<a data-elementor-open-lightbox=\"yes\" data-elementor-lightbox-slideshow=\"7fc61961\" data-elementor-lightbox-title=\"Bosch-01-2\" data-e-action-hash=\"#elementor-action%3Aaction%3Dlightbox%26settings%3DeyJpZCI6NTYsInVybCI6Imh0dHBzOlwvXC9ra2hwYXVuaWxhLmZpXC93cC1jb250ZW50XC91cGxvYWRzXC8yMDE5XC8xMlwvQm9zY2gtMDEtMi5wbmciLCJzbGlkZXNob3ciOiI3ZmM2MTk2MSJ9\" href='https:\/\/kkhpaunila.fi\/wp-content\/uploads\/2019\/12\/Bosch-01-2.png'><img decoding=\"async\" width=\"219\" height=\"56\" src=\"https:\/\/kkhpaunila.fi\/wp-content\/uploads\/2019\/12\/Bosch-01-2.png\" class=\"attachment-medium size-medium\" alt=\"\" \/><\/a>\n\t\t\t<\/div><\/figure><figure class='gallery-item'>\n\t\t\t<div class='gallery-icon landscape'>\n\t\t\t\t<a data-elementor-open-lightbox=\"yes\" data-elementor-lightbox-slideshow=\"7fc61961\" data-elementor-lightbox-title=\"aeg2\" data-e-action-hash=\"#elementor-action%3Aaction%3Dlightbox%26settings%3DeyJpZCI6NjMsInVybCI6Imh0dHBzOlwvXC9ra2hwYXVuaWxhLmZpXC93cC1jb250ZW50XC91cGxvYWRzXC8yMDE5XC8xMlwvYWVnMi5naWYiLCJzbGlkZXNob3ciOiI3ZmM2MTk2MSJ9\" href='https:\/\/kkhpaunila.fi\/wp-content\/uploads\/2019\/12\/aeg2.gif'><img loading=\"lazy\" decoding=\"async\" width=\"162\" height=\"62\" src=\"https:\/\/kkhpaunila.fi\/wp-content\/uploads\/2019\/12\/aeg2.gif\" class=\"attachment-medium size-medium\" alt=\"\" \/><\/a>\n\t\t\t<\/div><\/figure><figure class='gallery-item'>\n\t\t\t<div class='gallery-icon landscape'>\n\t\t\t\t<a data-elementor-open-lightbox=\"yes\" data-elementor-lightbox-slideshow=\"7fc61961\" data-elementor-lightbox-title=\"Whirlpool-01-2\" data-e-action-hash=\"#elementor-action%3Aaction%3Dlightbox%26settings%3DeyJpZCI6NTksInVybCI6Imh0dHBzOlwvXC9ra2hwYXVuaWxhLmZpXC93cC1jb250ZW50XC91cGxvYWRzXC8yMDE5XC8xMlwvV2hpcmxwb29sLTAxLTIucG5nIiwic2xpZGVzaG93IjoiN2ZjNjE5NjEifQ%3D%3D\" href='https:\/\/kkhpaunila.fi\/wp-content\/uploads\/2019\/12\/Whirlpool-01-2.png'><img loading=\"lazy\" decoding=\"async\" width=\"234\" height=\"111\" src=\"https:\/\/kkhpaunila.fi\/wp-content\/uploads\/2019\/12\/Whirlpool-01-2.png\" class=\"attachment-medium size-medium\" alt=\"\" \/><\/a>\n\t\t\t<\/div><\/figure><figure class='gallery-item'>\n\t\t\t<div class='gallery-icon landscape'>\n\t\t\t\t<a data-elementor-open-lightbox=\"yes\" data-elementor-lightbox-slideshow=\"7fc61961\" data-elementor-lightbox-title=\"siemens-logo\" data-e-action-hash=\"#elementor-action%3Aaction%3Dlightbox%26settings%3DeyJpZCI6NjIsInVybCI6Imh0dHBzOlwvXC9ra2hwYXVuaWxhLmZpXC93cC1jb250ZW50XC91cGxvYWRzXC8yMDE5XC8xMlwvc2llbWVucy1sb2dvLmpwZyIsInNsaWRlc2hvdyI6IjdmYzYxOTYxIn0%3D\" href='https:\/\/kkhpaunila.fi\/wp-content\/uploads\/2019\/12\/siemens-logo.jpg'><img loading=\"lazy\" decoding=\"async\" width=\"300\" height=\"120\" src=\"https:\/\/kkhpaunila.fi\/wp-content\/uploads\/2019\/12\/siemens-logo-300x120.jpg\" class=\"attachment-medium size-medium\" alt=\"\" srcset=\"https:\/\/kkhpaunila.fi\/wp-content\/uploads\/2019\/12\/siemens-logo-300x120.jpg 300w, https:\/\/kkhpaunila.fi\/wp-content\/uploads\/2019\/12\/siemens-logo.jpg 500w\" sizes=\"(max-width: 300px) 100vw, 300px\" \/><\/a>\n\t\t\t<\/div><\/figure><figure class='gallery-item'>\n\t\t\t<div class='gallery-icon landscape'>\n\t\t\t\t<a data-elementor-open-lightbox=\"yes\" data-elementor-lightbox-slideshow=\"7fc61961\" data-elementor-lightbox-title=\"1280px-Samsung_Logo.svg_\" data-e-action-hash=\"#elementor-action%3Aaction%3Dlightbox%26settings%3DeyJpZCI6NjEsInVybCI6Imh0dHBzOlwvXC9ra2hwYXVuaWxhLmZpXC93cC1jb250ZW50XC91cGxvYWRzXC8yMDE5XC8xMlwvMTI4MHB4LVNhbXN1bmdfTG9nby5zdmdfLnBuZyIsInNsaWRlc2hvdyI6IjdmYzYxOTYxIn0%3D\" href='https:\/\/kkhpaunila.fi\/wp-content\/uploads\/2019\/12\/1280px-Samsung_Logo.svg_.png'><img loading=\"lazy\" decoding=\"async\" width=\"300\" height=\"100\" src=\"https:\/\/kkhpaunila.fi\/wp-content\/uploads\/2019\/12\/1280px-Samsung_Logo.svg_-300x100.png\" class=\"attachment-medium size-medium\" alt=\"\" srcset=\"https:\/\/kkhpaunila.fi\/wp-content\/uploads\/2019\/12\/1280px-Samsung_Logo.svg_-300x100.png 300w, https:\/\/kkhpaunila.fi\/wp-content\/uploads\/2019\/12\/1280px-Samsung_Logo.svg_-1024x340.png 1024w, https:\/\/kkhpaunila.fi\/wp-content\/uploads\/2019\/12\/1280px-Samsung_Logo.svg_-768x255.png 768w, https:\/\/kkhpaunila.fi\/wp-content\/uploads\/2019\/12\/1280px-Samsung_Logo.svg_.png 1280w\" sizes=\"(max-width: 300px) 100vw, 300px\" \/><\/a>\n\t\t\t<\/div><\/figure><figure class='gallery-item'>\n\t\t\t<div class='gallery-icon landscape'>\n\t\t\t\t<a data-elementor-open-lightbox=\"yes\" data-elementor-lightbox-slideshow=\"7fc61961\" data-elementor-lightbox-title=\"lg-logo-1-2\" data-e-action-hash=\"#elementor-action%3Aaction%3Dlightbox%26settings%3DeyJpZCI6NjAsInVybCI6Imh0dHBzOlwvXC9ra2hwYXVuaWxhLmZpXC93cC1jb250ZW50XC91cGxvYWRzXC8yMDE5XC8xMlwvbGctbG9nby0xLTIuanBnIiwic2xpZGVzaG93IjoiN2ZjNjE5NjEifQ%3D%3D\" href='https:\/\/kkhpaunila.fi\/wp-content\/uploads\/2019\/12\/lg-logo-1-2.jpg'><img loading=\"lazy\" decoding=\"async\" width=\"175\" height=\"103\" src=\"https:\/\/kkhpaunila.fi\/wp-content\/uploads\/2019\/12\/lg-logo-1-2.jpg\" class=\"attachment-medium size-medium\" alt=\"\" \/><\/a>\n\t\t\t<\/div><\/figure><figure class='gallery-item'>\n\t\t\t<div class='gallery-icon landscape'>\n\t\t\t\t<a data-elementor-open-lightbox=\"yes\" data-elementor-lightbox-slideshow=\"7fc61961\" data-elementor-lightbox-title=\"2000px-Miele_logo-copy-300x150\" data-e-action-hash=\"#elementor-action%3Aaction%3Dlightbox%26settings%3DeyJpZCI6MzA5LCJ1cmwiOiJodHRwczpcL1wva2tocGF1bmlsYS5maVwvd3AtY29udGVudFwvdXBsb2Fkc1wvMjAyM1wvMTFcLzIwMDBweC1NaWVsZV9sb2dvLWNvcHktMzAweDE1MC0xLnBuZyIsInNsaWRlc2hvdyI6IjdmYzYxOTYxIn0%3D\" href='https:\/\/kkhpaunila.fi\/wp-content\/uploads\/2023\/11\/2000px-Miele_logo-copy-300x150-1.png'><img loading=\"lazy\" decoding=\"async\" width=\"168\" height=\"42\" src=\"https:\/\/kkhpaunila.fi\/wp-content\/uploads\/2023\/11\/2000px-Miele_logo-copy-300x150-1.png\" class=\"attachment-medium size-medium\" alt=\"\" \/><\/a>\n\t\t\t<\/div><\/figure>\n\t\t<\/div>\n\t\t<\/div>\n\t\t\t\t\t\t<\/div>\n\t\t\t\t\t<\/div>\n\t\t<\/div>\n\t\t\t\t\t<\/div>\n\t\t<\/section>\n\t\t\t\t<\/div>\n\t\t","protected":false},"excerpt":{"rendered":"<p>Huollamme kaikki kotisi kodinkoneet! J\u00e4\u00e4kaapit, Pesukoneet, Tiskikoneet, Imurit, Mikrot, Kuivausrummut yms Tervetuloa parhaille varaosakaupoille! Meilt\u00e4 l\u00f6yd\u00e4t nopeasti ja luotettavasti parhaat varaosat ja tarvikkeet kaikkiin merkkeihin. Mik\u00e4li varastostamme ei haluamaasi tuotetta l\u00f6ydy, on se l\u00e4hes aina toimitettavissa kohtuu toimitusajalla. (voit my\u00f6s tehd\u00e4 varaosakyselyn\/tilauksen huoltotilaus lomakkeella) Toiminta alueemme Espoo, Lohja, Helsinki,Vantaa, Kirkkonummi, Raasepori, Inkoo, Siuntio, Nummi-Pusula, Vihti, [&hellip;]<\/p>\n","protected":false},"author":1,"featured_media":0,"parent":0,"menu_order":0,"comment_status":"closed","ping_status":"closed","template":"elementor_header_footer","meta":{"footnotes":""},"class_list":["post-30","page","type-page","status-publish","hentry","entry"],"_links":{"self":[{"href":"https:\/\/kkhpaunila.fi\/index.php?rest_route=\/wp\/v2\/pages\/30","targetHints":{"allow":["GET"]}}],"collection":[{"href":"https:\/\/kkhpaunila.fi\/index.php?rest_route=\/wp\/v2\/pages"}],"about":[{"href":"https:\/\/kkhpaunila.fi\/index.php?rest_route=\/wp\/v2\/types\/page"}],"author":[{"embeddable":true,"href":"https:\/\/kkhpaunila.fi\/index.php?rest_route=\/wp\/v2\/users\/1"}],"replies":[{"embeddable":true,"href":"https:\/\/kkhpaunila.fi\/index.php?rest_route=%2Fwp%2Fv2%2Fcomments&post=30"}],"version-history":[{"count":35,"href":"https:\/\/kkhpaunila.fi\/index.php?rest_route=\/wp\/v2\/pages\/30\/revisions"}],"predecessor-version":[{"id":318,"href":"https:\/\/kkhpaunila.fi\/index.php?rest_route=\/wp\/v2\/pages\/30\/revisions\/318"}],"wp:attachment":[{"href":"https:\/\/kkhpaunila.fi\/index.php?rest_route=%2Fwp%2Fv2%2Fmedia&parent=30"}],"curies":[{"name":"wp","href":"https:\/\/api.w.org\/{rel}","templated":true}]}}