{"id":32,"date":"2019-12-08T11:47:59","date_gmt":"2019-12-08T11:47:59","guid":{"rendered":"http:\/\/kkhpaunila.fi\/?page_id=32"},"modified":"2026-01-31T09:30:22","modified_gmt":"2026-01-31T09:30:22","slug":"hinnasto","status":"publish","type":"page","link":"https:\/\/kkhpaunila.fi\/?page_id=32","title":{"rendered":"Hinnasto"},"content":{"rendered":"\t\t<div data-elementor-type=\"wp-page\" data-elementor-id=\"32\" class=\"elementor elementor-32\">\n\t\t\t\t\t\t<section class=\"elementor-section elementor-top-section elementor-element elementor-element-17fcf95 elementor-section-boxed elementor-section-height-default elementor-section-height-default\" data-id=\"17fcf95\" data-element_type=\"section\" data-e-type=\"section\">\n\t\t\t\t\t\t<div class=\"elementor-container elementor-column-gap-default\">\n\t\t\t\t\t<div class=\"elementor-column elementor-col-50 elementor-top-column elementor-element elementor-element-f942dcf\" data-id=\"f942dcf\" data-element_type=\"column\" data-e-type=\"column\">\n\t\t\t<div class=\"elementor-widget-wrap elementor-element-populated\">\n\t\t\t\t\t\t<div class=\"elementor-element elementor-element-7e8a784 elementor-widget elementor-widget-heading\" data-id=\"7e8a784\" data-element_type=\"widget\" data-e-type=\"widget\" data-widget_type=\"heading.default\">\n\t\t\t\t\t<h2 class=\"elementor-heading-title elementor-size-default\">HYV\u00c4 TIET\u00c4\u00c4!<\/h2>\t\t\t\t<\/div>\n\t\t\t\t<div class=\"elementor-element elementor-element-c38c929 elementor-widget elementor-widget-text-editor\" data-id=\"c38c929\" data-element_type=\"widget\" data-e-type=\"widget\" data-widget_type=\"text-editor.default\">\n\t\t\t\t\t\t\t\t\t<p>Tiesith\u00e4n ett\u00e4 suurin osa kotivakuutuksista maksaa kodinkoneen tarkastuksen takaisin.<br \/>Tarkastuksella saadaan selville kuinka paljon koneen korjaus maksaa,jos konetta<br \/>ei kannata korjata vakuutusyhti\u00f6 maksaa yleens\u00e4 uudesta koneesta osan hinnasta.<br \/>Alla vakuutusyhti\u00f6iden yhteystietoja.<\/p>\t\t\t\t\t\t\t\t<\/div>\n\t\t\t\t<div class=\"elementor-element elementor-element-9e404b9 elementor-widget elementor-widget-text-editor\" data-id=\"9e404b9\" data-element_type=\"widget\" data-e-type=\"widget\" data-widget_type=\"text-editor.default\">\n\t\t\t\t\t\t\t\t\t<div class=\"et_pb_module et_pb_text et_pb_text_1 et_pb_bg_layout_light et_pb_text_align_left\"><div class=\"et_pb_text_inner\"><div><a href=\"http:\/\/www.tapiola.fi\/www\/yksityisasiakkaat\/Vakuutukset\/\">Tapiola<\/a>, puh. 010195100<\/div><\/div><\/div><div class=\"et_pb_module et_pb_text et_pb_text_2 et_pb_bg_layout_light et_pb_text_align_left\"><div class=\"et_pb_text_inner\"><div><a href=\"http:\/\/www.if.fi\/\">Sampo<\/a>, puh.\u00a0010191818<\/div><\/div><\/div><div class=\"et_pb_module et_pb_text et_pb_text_3 et_pb_bg_layout_light et_pb_text_align_left\"><div class=\"et_pb_text_inner\"><div><a href=\"http:\/\/www.fenniaturvaa.fi\/kotivakuutus\">Fennia<\/a>, puh.\u00a00105038808<\/div><\/div><\/div><div class=\"et_pb_module et_pb_text et_pb_text_4 et_pb_bg_layout_light et_pb_text_align_left\"><div class=\"et_pb_text_inner\"><div><a href=\"http:\/\/www.pohjantahti.fi\/\">Pohjant\u00e4hti<\/a>, puh.\u00a0020763 4010<\/div><\/div><\/div><div class=\"et_pb_module et_pb_text et_pb_text_5 et_pb_bg_layout_light et_pb_text_align_left\"><div class=\"et_pb_text_inner\"><div><a href=\"https:\/\/www.veritas.fi\/\">Veritas<\/a><\/div><\/div><\/div><div class=\"et_pb_module et_pb_text et_pb_text_6 et_pb_bg_layout_light et_pb_text_align_left\"><div class=\"et_pb_text_inner\"><div><a href=\"http:\/\/www.if.fi\/\">If,<\/a>\u00a0puh.\u00a0010 19 18 18<\/div><\/div><\/div><div class=\"et_pb_module et_pb_text et_pb_text_7 et_pb_bg_layout_light et_pb_text_align_left\"><div class=\"et_pb_text_inner\"><div><a href=\"http:\/\/www.lahitapiola.fi\/www\/yksityisasiakkaat\/\">L\u00e4hiTapiola,<\/a>\u00a0puh.\u00a0010 19 18 18<\/div><\/div><\/div><div class=\"et_pb_module et_pb_text et_pb_text_8 et_pb_bg_layout_light et_pb_text_align_left\"><div class=\"et_pb_text_inner\"><div><a href=\"http:\/\/www.nordea.fi\/\">Nordea<\/a><\/div><\/div><\/div><div class=\"et_pb_module et_pb_text et_pb_text_9 et_pb_bg_layout_light et_pb_text_align_left\"><div class=\"et_pb_text_inner\"><div><a href=\"https:\/\/www.pohjola.fi\/\">Pohjola,<\/a>\u00a0puh.\u00a0\u00a003030303<\/div><\/div><\/div><div class=\"et_pb_module et_pb_text et_pb_text_10 et_pb_bg_layout_light et_pb_text_align_left\"><div class=\"et_pb_text_inner\"><div><a href=\"http:\/\/www.aktia.fi\/vakuutukset\">Aktia,<\/a>\u00a0puh.\u00a00102475000<\/div><\/div><\/div><div class=\"et_pb_module et_pb_text et_pb_text_11 et_pb_bg_layout_light et_pb_text_align_left\"><div class=\"et_pb_text_inner\"><div><a href=\"http:\/\/www.turva.fi\/\">Turva,<\/a>\u00a0puh.\u00a0010195110<\/div><div>\u00a0<\/div><div>\u00a0<\/div><div>Varatun huoltoajan peruutus tulee tehd\u00e4 v\u00e4hint\u00e4\u00e4n 24h ennen huoltoaikaa.Peruutus tulee tehd\u00e4 soittamalla tai tekstiviestill\u00e4 numeroon 044-3333103.<\/div><div>Muussa tapauksessa perimme 59e peruutusmaksun.<\/div><\/div><\/div>\t\t\t\t\t\t\t\t<\/div>\n\t\t\t\t\t<\/div>\n\t\t<\/div>\n\t\t\t\t<div class=\"elementor-column elementor-col-50 elementor-top-column elementor-element elementor-element-40cb543\" data-id=\"40cb543\" data-element_type=\"column\" data-e-type=\"column\">\n\t\t\t<div class=\"elementor-widget-wrap elementor-element-populated\">\n\t\t\t\t\t\t<div class=\"elementor-element elementor-element-b3d8f0f elementor-widget elementor-widget-heading\" data-id=\"b3d8f0f\" data-element_type=\"widget\" data-e-type=\"widget\" data-widget_type=\"heading.default\">\n\t\t\t\t\t<h2 class=\"elementor-heading-title elementor-size-default\">YLEISIMM\u00c4T HINNAT<\/h2>\t\t\t\t<\/div>\n\t\t\t\t<div class=\"elementor-element elementor-element-f590efc elementor-widget elementor-widget-text-editor\" data-id=\"f590efc\" data-element_type=\"widget\" data-e-type=\"widget\" data-widget_type=\"text-editor.default\">\n\t\t\t\t\t\t\t\t\t<p>Suurten kodinkoneiden vian paikannus asiakkaalla tai korjaamolla 65,<span style=\"font-size: 16px; -webkit-text-size-adjust: 100%;\">00-79,00\u20ac<\/span><\/p><p>Suurten kodinkoneiden yleiskorjaus asiakkaalla tai korjaamolla (Normaalit korjausty\u00f6t) 119,00-189,00\u20ac<\/p><p>Suurten kodinkoneiden vaativa korjaus asiakkaalla tai korjaamolla (Kuivausrumpujen hihnan vaihdot yms enemm\u00e4n aikaa viev\u00e4t ty\u00f6t) 229,00\u20ac<\/p><p>Suurten kodinkoneiden erikoiskorjaus asiakkaalla tai korjaamolla (Kylm\u00e4laitteiden kompressorien vaihdot, pesukoneen allaspakettien ja laakerien vaihdot yms) 139,00\u20ac-389,00e<\/p><p>Auto\/matka-aikakorvaus 0-2km 20,00\u20ac<\/p><p>Auto\/matka-aikakorvaus 2-10km 27,00e<\/p><p>Auto\/matka-aikakorvaus 10-20km 35,00e<\/p><p>Auto\/matka-aikakorvaus yli 20km 1,75km<\/p><p>Laskutuslis\u00e4 6,85\u20ac<\/p><p><strong><a href=\"https:\/\/leppavaarankodinkonehuolto.fi\/wp-content\/uploads\/2026\/01\/myyntiehdot.txt\">Myyntiehdot<\/a><\/strong><\/p>\t\t\t\t\t\t\t\t<\/div>\n\t\t\t\t\t<\/div>\n\t\t<\/div>\n\t\t\t\t\t<\/div>\n\t\t<\/section>\n\t\t\t\t<section class=\"elementor-section elementor-top-section elementor-element elementor-element-44631bdb elementor-section-boxed elementor-section-height-default elementor-section-height-default\" data-id=\"44631bdb\" data-element_type=\"section\" data-e-type=\"section\" data-settings=\"{&quot;background_background&quot;:&quot;classic&quot;}\">\n\t\t\t\t\t\t<div class=\"elementor-container elementor-column-gap-default\">\n\t\t\t\t\t<div class=\"elementor-column elementor-col-50 elementor-top-column elementor-element elementor-element-423bfc88\" data-id=\"423bfc88\" data-element_type=\"column\" data-e-type=\"column\" data-settings=\"{&quot;background_background&quot;:&quot;classic&quot;}\">\n\t\t\t<div class=\"elementor-widget-wrap elementor-element-populated\">\n\t\t\t\t\t\t<div class=\"elementor-element elementor-element-478bdafe elementor-widget elementor-widget-shortcode\" data-id=\"478bdafe\" data-element_type=\"widget\" data-e-type=\"widget\" data-widget_type=\"shortcode.default\">\n\t\t\t\t\t\t\t<div class=\"elementor-shortcode\">\n<div class=\"wpcf7 no-js\" id=\"wpcf7-f68-o1\" lang=\"fi\" dir=\"ltr\" data-wpcf7-id=\"68\">\n<div class=\"screen-reader-response\"><p role=\"status\" aria-live=\"polite\" aria-atomic=\"true\"><\/p> <ul><\/ul><\/div>\n<form action=\"\/index.php?rest_route=%2Fwp%2Fv2%2Fpages%2F32#wpcf7-f68-o1\" method=\"post\" class=\"wpcf7-form init\" aria-label=\"Yhteydenottolomake\" novalidate=\"novalidate\" data-status=\"init\">\n<fieldset class=\"hidden-fields-container\"><input type=\"hidden\" name=\"_wpcf7\" value=\"68\" \/><input type=\"hidden\" name=\"_wpcf7_version\" value=\"6.1.5\" \/><input type=\"hidden\" name=\"_wpcf7_locale\" value=\"fi\" \/><input type=\"hidden\" name=\"_wpcf7_unit_tag\" value=\"wpcf7-f68-o1\" \/><input type=\"hidden\" name=\"_wpcf7_container_post\" value=\"0\" \/><input type=\"hidden\" name=\"_wpcf7_posted_data_hash\" value=\"\" \/>\n<\/fieldset>\n<p><label> Nimi (pakollinen)<br \/>\n<span class=\"wpcf7-form-control-wrap\" data-name=\"your-name\"><input size=\"40\" maxlength=\"400\" class=\"wpcf7-form-control wpcf7-text wpcf7-validates-as-required\" aria-required=\"true\" aria-invalid=\"false\" value=\"\" type=\"text\" name=\"your-name\" \/><\/span> <\/label>\n<\/p>\n<p><label> S\u00e4hk\u00f6posti (pakollinen)<br \/>\n<span class=\"wpcf7-form-control-wrap\" data-name=\"your-email\"><input size=\"40\" maxlength=\"400\" class=\"wpcf7-form-control wpcf7-email wpcf7-validates-as-required wpcf7-text wpcf7-validates-as-email\" aria-required=\"true\" aria-invalid=\"false\" value=\"\" type=\"email\" name=\"your-email\" \/><\/span> <\/label>\n<\/p>\n<p><label> Puhelinnumero (pakollinen)<br \/>\n<span class=\"wpcf7-form-control-wrap\" data-name=\"your-phone\"><input size=\"40\" maxlength=\"400\" class=\"wpcf7-form-control wpcf7-text wpcf7-validates-as-required\" aria-required=\"true\" aria-invalid=\"false\" value=\"\" type=\"text\" name=\"your-phone\" \/><\/span> <\/label>\n<\/p>\n<p>Aihe<br \/>\n<span class=\"wpcf7-form-control-wrap\" data-name=\"checkbox-75\"><span class=\"wpcf7-form-control wpcf7-checkbox\"><span class=\"wpcf7-list-item first\"><input type=\"checkbox\" name=\"checkbox-75[]\" value=\"Huoltotilaus\" \/><span class=\"wpcf7-list-item-label\">Huoltotilaus<\/span><\/span><span class=\"wpcf7-list-item\"><input type=\"checkbox\" name=\"checkbox-75[]\" value=\"Varaosatilaus\" \/><span class=\"wpcf7-list-item-label\">Varaosatilaus<\/span><\/span><span class=\"wpcf7-list-item last\"><input type=\"checkbox\" name=\"checkbox-75[]\" value=\"Tiedustelu\" \/><span class=\"wpcf7-list-item-label\">Tiedustelu<\/span><\/span><\/span><\/span>\n<\/p>\n<p><label> Laitteen merkki ja malli <span class=\"wpcf7-form-control-wrap\" data-name=\"your-mema\"><input size=\"40\" maxlength=\"400\" class=\"wpcf7-form-control wpcf7-text\" aria-invalid=\"false\" value=\"\" type=\"text\" name=\"your-mema\" \/><\/span> <\/label>\n<\/p>\n<p><label> Jos laite on takuunalainen sen ostop\u00e4iv\u00e4 ja paikka <span class=\"wpcf7-form-control-wrap\" data-name=\"your-takuu\"><input size=\"40\" maxlength=\"400\" class=\"wpcf7-form-control wpcf7-text\" aria-invalid=\"false\" value=\"\" type=\"text\" name=\"your-takuu\" \/><\/span> <\/label>\n<\/p>\n<p><label> Viesti<br \/>\n<span class=\"wpcf7-form-control-wrap\" data-name=\"your-message\"><textarea cols=\"40\" rows=\"10\" maxlength=\"2000\" class=\"wpcf7-form-control wpcf7-textarea\" aria-invalid=\"false\" name=\"your-message\"><\/textarea><\/span> <\/label>\n<\/p>\n<p><input class=\"wpcf7-form-control wpcf7-submit has-spinner\" type=\"submit\" value=\"L\u00e4het\u00e4\" \/>\n<\/p><div class=\"wpcf7-response-output\" aria-hidden=\"true\"><\/div>\n<\/form>\n<\/div>\n<\/div>\n\t\t\t\t\t\t<\/div>\n\t\t\t\t\t<\/div>\n\t\t<\/div>\n\t\t\t\t<div class=\"elementor-column elementor-col-50 elementor-top-column elementor-element elementor-element-7faaf7d4\" data-id=\"7faaf7d4\" data-element_type=\"column\" data-e-type=\"column\">\n\t\t\t<div class=\"elementor-widget-wrap elementor-element-populated\">\n\t\t\t\t\t\t<div class=\"elementor-element elementor-element-6f10661d elementor-widget elementor-widget-image\" data-id=\"6f10661d\" data-element_type=\"widget\" data-e-type=\"widget\" data-widget_type=\"image.default\">\n\t\t\t\t\t\t\t\t\t\t\t\t\t\t\t<img decoding=\"async\" src=\"http:\/\/kkhpaunila.fi\/wp-content\/uploads\/2019\/12\/paunilalogo.png\" title=\"\" alt=\"\" loading=\"lazy\" \/>\t\t\t\t\t\t\t\t\t\t\t\t\t\t\t<\/div>\n\t\t\t\t<div class=\"elementor-element elementor-element-7d23076f elementor-widget-divider--view-line elementor-widget elementor-widget-divider\" data-id=\"7d23076f\" data-element_type=\"widget\" data-e-type=\"widget\" data-widget_type=\"divider.default\">\n\t\t\t\t\t\t\t<div class=\"elementor-divider\">\n\t\t\t<span class=\"elementor-divider-separator\">\n\t\t\t\t\t\t<\/span>\n\t\t<\/div>\n\t\t\t\t\t\t<\/div>\n\t\t\t\t<div class=\"elementor-element elementor-element-22187e88 elementor-widget elementor-widget-text-editor\" data-id=\"22187e88\" data-element_type=\"widget\" data-e-type=\"widget\" data-widget_type=\"text-editor.default\">\n\t\t\t\t\t\t\t\t\t<p>Olethan yhteydess\u00e4 jos mieleen j\u00e4i kysymyksi\u00e4 tai tarkennuksia.\u00a0<\/p>\t\t\t\t\t\t\t\t<\/div>\n\t\t\t\t<div class=\"elementor-element elementor-element-30241c6b elementor-view-default elementor-widget elementor-widget-icon\" data-id=\"30241c6b\" data-element_type=\"widget\" data-e-type=\"widget\" data-widget_type=\"icon.default\">\n\t\t\t\t\t\t\t<div class=\"elementor-icon-wrapper\">\n\t\t\t<div class=\"elementor-icon\">\n\t\t\t<svg aria-hidden=\"true\" class=\"e-font-icon-svg e-fas-envelope\" viewBox=\"0 0 512 512\" xmlns=\"http:\/\/www.w3.org\/2000\/svg\"><path d=\"M502.3 190.8c3.9-3.1 9.7-.2 9.7 4.7V400c0 26.5-21.5 48-48 48H48c-26.5 0-48-21.5-48-48V195.6c0-5 5.7-7.8 9.7-4.7 22.4 17.4 52.1 39.5 154.1 113.6 21.1 15.4 56.7 47.8 92.2 47.6 35.7.3 72-32.8 92.3-47.6 102-74.1 131.6-96.3 154-113.7zM256 320c23.2.4 56.6-29.2 73.4-41.4 132.7-96.3 142.8-104.7 173.4-128.7 5.8-4.5 9.2-11.5 9.2-18.9v-19c0-26.5-21.5-48-48-48H48C21.5 64 0 85.5 0 112v19c0 7.4 3.4 14.3 9.2 18.9 30.6 23.9 40.7 32.4 173.4 128.7 16.8 12.2 50.2 41.8 73.4 41.4z\"><\/path><\/svg>\t\t\t<\/div>\n\t\t<\/div>\n\t\t\t\t\t\t<\/div>\n\t\t\t\t<div class=\"elementor-element elementor-element-65fa6ffa elementor-widget elementor-widget-text-editor\" data-id=\"65fa6ffa\" data-element_type=\"widget\" data-e-type=\"widget\" data-widget_type=\"text-editor.default\">\n\t\t\t\t\t\t\t\t\t<p>huolto@paunila.fi<\/p>\t\t\t\t\t\t\t\t<\/div>\n\t\t\t\t<div class=\"elementor-element elementor-element-54401e25 elementor-view-default elementor-widget elementor-widget-icon\" data-id=\"54401e25\" data-element_type=\"widget\" data-e-type=\"widget\" data-widget_type=\"icon.default\">\n\t\t\t\t\t\t\t<div class=\"elementor-icon-wrapper\">\n\t\t\t<div class=\"elementor-icon\">\n\t\t\t<svg aria-hidden=\"true\" class=\"e-font-icon-svg e-fas-phone-square-alt\" viewBox=\"0 0 448 512\" xmlns=\"http:\/\/www.w3.org\/2000\/svg\"><path d=\"M400 32H48A48 48 0 0 0 0 80v352a48 48 0 0 0 48 48h352a48 48 0 0 0 48-48V80a48 48 0 0 0-48-48zm-16.39 307.37l-15 65A15 15 0 0 1 354 416C194 416 64 286.29 64 126a15.7 15.7 0 0 1 11.63-14.61l65-15A18.23 18.23 0 0 1 144 96a16.27 16.27 0 0 1 13.79 9.09l30 70A17.9 17.9 0 0 1 189 181a17 17 0 0 1-5.5 11.61l-37.89 31a231.91 231.91 0 0 0 110.78 110.78l31-37.89A17 17 0 0 1 299 291a17.85 17.85 0 0 1 5.91 1.21l70 30A16.25 16.25 0 0 1 384 336a17.41 17.41 0 0 1-.39 3.37z\"><\/path><\/svg>\t\t\t<\/div>\n\t\t<\/div>\n\t\t\t\t\t\t<\/div>\n\t\t\t\t<div class=\"elementor-element elementor-element-8743668 elementor-widget elementor-widget-text-editor\" data-id=\"8743668\" data-element_type=\"widget\" data-e-type=\"widget\" data-widget_type=\"text-editor.default\">\n\t\t\t\t\t\t\t\t\t<p>0443333103<\/p>\t\t\t\t\t\t\t\t<\/div>\n\t\t\t\t\t<\/div>\n\t\t<\/div>\n\t\t\t\t\t<\/div>\n\t\t<\/section>\n\t\t\t\t<section class=\"elementor-section elementor-top-section elementor-element elementor-element-388adc7a elementor-section-content-middle elementor-section-boxed elementor-section-height-default elementor-section-height-default\" data-id=\"388adc7a\" data-element_type=\"section\" data-e-type=\"section\">\n\t\t\t\t\t\t<div class=\"elementor-container elementor-column-gap-default\">\n\t\t\t\t\t<div class=\"elementor-column elementor-col-100 elementor-top-column elementor-element elementor-element-51ef8182\" data-id=\"51ef8182\" data-element_type=\"column\" data-e-type=\"column\">\n\t\t\t<div class=\"elementor-widget-wrap elementor-element-populated\">\n\t\t\t\t\t\t<div class=\"elementor-element elementor-element-5cc0088d elementor-widget elementor-widget-image-gallery\" data-id=\"5cc0088d\" data-element_type=\"widget\" data-e-type=\"widget\" data-widget_type=\"image-gallery.default\">\n\t\t\t\t\t\t\t<div class=\"elementor-image-gallery\">\n\t\t\t<div id='gallery-1' class='gallery galleryid-32 gallery-columns-3 gallery-size-medium'><figure class='gallery-item'>\n\t\t\t<div class='gallery-icon landscape'>\n\t\t\t\t<a data-elementor-open-lightbox=\"yes\" data-elementor-lightbox-slideshow=\"5cc0088d\" data-elementor-lightbox-title=\"Electrolux-Logo\" data-e-action-hash=\"#elementor-action%3Aaction%3Dlightbox%26settings%3DeyJpZCI6NTgsInVybCI6Imh0dHBzOlwvXC9ra2hwYXVuaWxhLmZpXC93cC1jb250ZW50XC91cGxvYWRzXC8yMDE5XC8xMlwvRWxlY3Ryb2x1eC1Mb2dvLnBuZyIsInNsaWRlc2hvdyI6IjVjYzAwODhkIn0%3D\" href='https:\/\/kkhpaunila.fi\/wp-content\/uploads\/2019\/12\/Electrolux-Logo.png'><img fetchpriority=\"high\" decoding=\"async\" width=\"300\" height=\"169\" src=\"https:\/\/kkhpaunila.fi\/wp-content\/uploads\/2019\/12\/Electrolux-Logo-300x169.png\" class=\"attachment-medium size-medium\" alt=\"\" srcset=\"https:\/\/kkhpaunila.fi\/wp-content\/uploads\/2019\/12\/Electrolux-Logo-300x169.png 300w, https:\/\/kkhpaunila.fi\/wp-content\/uploads\/2019\/12\/Electrolux-Logo-1024x576.png 1024w, https:\/\/kkhpaunila.fi\/wp-content\/uploads\/2019\/12\/Electrolux-Logo-768x432.png 768w, https:\/\/kkhpaunila.fi\/wp-content\/uploads\/2019\/12\/Electrolux-Logo-1536x864.png 1536w, https:\/\/kkhpaunila.fi\/wp-content\/uploads\/2019\/12\/Electrolux-Logo.png 1920w\" sizes=\"(max-width: 300px) 100vw, 300px\" \/><\/a>\n\t\t\t<\/div><\/figure><figure class='gallery-item'>\n\t\t\t<div class='gallery-icon landscape'>\n\t\t\t\t<a data-elementor-open-lightbox=\"yes\" data-elementor-lightbox-slideshow=\"5cc0088d\" data-elementor-lightbox-title=\"logo-rosenlew\" data-e-action-hash=\"#elementor-action%3Aaction%3Dlightbox%26settings%3DeyJpZCI6NTcsInVybCI6Imh0dHBzOlwvXC9ra2hwYXVuaWxhLmZpXC93cC1jb250ZW50XC91cGxvYWRzXC8yMDE5XC8xMlwvbG9nby1yb3Nlbmxldy5wbmciLCJzbGlkZXNob3ciOiI1Y2MwMDg4ZCJ9\" href='https:\/\/kkhpaunila.fi\/wp-content\/uploads\/2019\/12\/logo-rosenlew.png'><img decoding=\"async\" width=\"300\" height=\"104\" src=\"https:\/\/kkhpaunila.fi\/wp-content\/uploads\/2019\/12\/logo-rosenlew-300x104.png\" class=\"attachment-medium size-medium\" alt=\"\" srcset=\"https:\/\/kkhpaunila.fi\/wp-content\/uploads\/2019\/12\/logo-rosenlew-300x104.png 300w, https:\/\/kkhpaunila.fi\/wp-content\/uploads\/2019\/12\/logo-rosenlew-768x265.png 768w, https:\/\/kkhpaunila.fi\/wp-content\/uploads\/2019\/12\/logo-rosenlew.png 813w\" sizes=\"(max-width: 300px) 100vw, 300px\" \/><\/a>\n\t\t\t<\/div><\/figure><figure class='gallery-item'>\n\t\t\t<div class='gallery-icon landscape'>\n\t\t\t\t<a data-elementor-open-lightbox=\"yes\" data-elementor-lightbox-slideshow=\"5cc0088d\" data-elementor-lightbox-title=\"Bosch-01-2\" data-e-action-hash=\"#elementor-action%3Aaction%3Dlightbox%26settings%3DeyJpZCI6NTYsInVybCI6Imh0dHBzOlwvXC9ra2hwYXVuaWxhLmZpXC93cC1jb250ZW50XC91cGxvYWRzXC8yMDE5XC8xMlwvQm9zY2gtMDEtMi5wbmciLCJzbGlkZXNob3ciOiI1Y2MwMDg4ZCJ9\" href='https:\/\/kkhpaunila.fi\/wp-content\/uploads\/2019\/12\/Bosch-01-2.png'><img decoding=\"async\" width=\"219\" height=\"56\" src=\"https:\/\/kkhpaunila.fi\/wp-content\/uploads\/2019\/12\/Bosch-01-2.png\" class=\"attachment-medium size-medium\" alt=\"\" \/><\/a>\n\t\t\t<\/div><\/figure><figure class='gallery-item'>\n\t\t\t<div class='gallery-icon landscape'>\n\t\t\t\t<a data-elementor-open-lightbox=\"yes\" data-elementor-lightbox-slideshow=\"5cc0088d\" data-elementor-lightbox-title=\"2000px-Miele_logo-copy2\" data-e-action-hash=\"#elementor-action%3Aaction%3Dlightbox%26settings%3DeyJpZCI6NjQsInVybCI6Imh0dHBzOlwvXC9ra2hwYXVuaWxhLmZpXC93cC1jb250ZW50XC91cGxvYWRzXC8yMDE5XC8xMlwvMjAwMHB4LU1pZWxlX2xvZ28tY29weS5wbmciLCJzbGlkZXNob3ciOiI1Y2MwMDg4ZCJ9\" href='https:\/\/kkhpaunila.fi\/wp-content\/uploads\/2019\/12\/2000px-Miele_logo-copy.png'><img loading=\"lazy\" decoding=\"async\" width=\"300\" height=\"150\" src=\"https:\/\/kkhpaunila.fi\/wp-content\/uploads\/2019\/12\/2000px-Miele_logo-copy-300x150.png\" class=\"attachment-medium size-medium\" alt=\"\" srcset=\"https:\/\/kkhpaunila.fi\/wp-content\/uploads\/2019\/12\/2000px-Miele_logo-copy-300x150.png 300w, https:\/\/kkhpaunila.fi\/wp-content\/uploads\/2019\/12\/2000px-Miele_logo-copy.png 400w\" sizes=\"(max-width: 300px) 100vw, 300px\" \/><\/a>\n\t\t\t<\/div><\/figure><figure class='gallery-item'>\n\t\t\t<div class='gallery-icon landscape'>\n\t\t\t\t<a data-elementor-open-lightbox=\"yes\" data-elementor-lightbox-slideshow=\"5cc0088d\" data-elementor-lightbox-title=\"aeg2\" data-e-action-hash=\"#elementor-action%3Aaction%3Dlightbox%26settings%3DeyJpZCI6NjMsInVybCI6Imh0dHBzOlwvXC9ra2hwYXVuaWxhLmZpXC93cC1jb250ZW50XC91cGxvYWRzXC8yMDE5XC8xMlwvYWVnMi5naWYiLCJzbGlkZXNob3ciOiI1Y2MwMDg4ZCJ9\" href='https:\/\/kkhpaunila.fi\/wp-content\/uploads\/2019\/12\/aeg2.gif'><img loading=\"lazy\" decoding=\"async\" width=\"162\" height=\"62\" src=\"https:\/\/kkhpaunila.fi\/wp-content\/uploads\/2019\/12\/aeg2.gif\" class=\"attachment-medium size-medium\" alt=\"\" \/><\/a>\n\t\t\t<\/div><\/figure><figure class='gallery-item'>\n\t\t\t<div class='gallery-icon landscape'>\n\t\t\t\t<a data-elementor-open-lightbox=\"yes\" data-elementor-lightbox-slideshow=\"5cc0088d\" data-elementor-lightbox-title=\"Whirlpool-01-2\" data-e-action-hash=\"#elementor-action%3Aaction%3Dlightbox%26settings%3DeyJpZCI6NTksInVybCI6Imh0dHBzOlwvXC9ra2hwYXVuaWxhLmZpXC93cC1jb250ZW50XC91cGxvYWRzXC8yMDE5XC8xMlwvV2hpcmxwb29sLTAxLTIucG5nIiwic2xpZGVzaG93IjoiNWNjMDA4OGQifQ%3D%3D\" href='https:\/\/kkhpaunila.fi\/wp-content\/uploads\/2019\/12\/Whirlpool-01-2.png'><img loading=\"lazy\" decoding=\"async\" width=\"234\" height=\"111\" src=\"https:\/\/kkhpaunila.fi\/wp-content\/uploads\/2019\/12\/Whirlpool-01-2.png\" class=\"attachment-medium size-medium\" alt=\"\" \/><\/a>\n\t\t\t<\/div><\/figure><figure class='gallery-item'>\n\t\t\t<div class='gallery-icon landscape'>\n\t\t\t\t<a data-elementor-open-lightbox=\"yes\" data-elementor-lightbox-slideshow=\"5cc0088d\" data-elementor-lightbox-title=\"siemens-logo\" data-e-action-hash=\"#elementor-action%3Aaction%3Dlightbox%26settings%3DeyJpZCI6NjIsInVybCI6Imh0dHBzOlwvXC9ra2hwYXVuaWxhLmZpXC93cC1jb250ZW50XC91cGxvYWRzXC8yMDE5XC8xMlwvc2llbWVucy1sb2dvLmpwZyIsInNsaWRlc2hvdyI6IjVjYzAwODhkIn0%3D\" href='https:\/\/kkhpaunila.fi\/wp-content\/uploads\/2019\/12\/siemens-logo.jpg'><img loading=\"lazy\" decoding=\"async\" width=\"300\" height=\"120\" src=\"https:\/\/kkhpaunila.fi\/wp-content\/uploads\/2019\/12\/siemens-logo-300x120.jpg\" class=\"attachment-medium size-medium\" alt=\"\" srcset=\"https:\/\/kkhpaunila.fi\/wp-content\/uploads\/2019\/12\/siemens-logo-300x120.jpg 300w, https:\/\/kkhpaunila.fi\/wp-content\/uploads\/2019\/12\/siemens-logo.jpg 500w\" sizes=\"(max-width: 300px) 100vw, 300px\" \/><\/a>\n\t\t\t<\/div><\/figure><figure class='gallery-item'>\n\t\t\t<div class='gallery-icon landscape'>\n\t\t\t\t<a data-elementor-open-lightbox=\"yes\" data-elementor-lightbox-slideshow=\"5cc0088d\" data-elementor-lightbox-title=\"1280px-Samsung_Logo.svg_\" data-e-action-hash=\"#elementor-action%3Aaction%3Dlightbox%26settings%3DeyJpZCI6NjEsInVybCI6Imh0dHBzOlwvXC9ra2hwYXVuaWxhLmZpXC93cC1jb250ZW50XC91cGxvYWRzXC8yMDE5XC8xMlwvMTI4MHB4LVNhbXN1bmdfTG9nby5zdmdfLnBuZyIsInNsaWRlc2hvdyI6IjVjYzAwODhkIn0%3D\" href='https:\/\/kkhpaunila.fi\/wp-content\/uploads\/2019\/12\/1280px-Samsung_Logo.svg_.png'><img loading=\"lazy\" decoding=\"async\" width=\"300\" height=\"100\" src=\"https:\/\/kkhpaunila.fi\/wp-content\/uploads\/2019\/12\/1280px-Samsung_Logo.svg_-300x100.png\" class=\"attachment-medium size-medium\" alt=\"\" srcset=\"https:\/\/kkhpaunila.fi\/wp-content\/uploads\/2019\/12\/1280px-Samsung_Logo.svg_-300x100.png 300w, https:\/\/kkhpaunila.fi\/wp-content\/uploads\/2019\/12\/1280px-Samsung_Logo.svg_-1024x340.png 1024w, https:\/\/kkhpaunila.fi\/wp-content\/uploads\/2019\/12\/1280px-Samsung_Logo.svg_-768x255.png 768w, https:\/\/kkhpaunila.fi\/wp-content\/uploads\/2019\/12\/1280px-Samsung_Logo.svg_.png 1280w\" sizes=\"(max-width: 300px) 100vw, 300px\" \/><\/a>\n\t\t\t<\/div><\/figure><figure class='gallery-item'>\n\t\t\t<div class='gallery-icon landscape'>\n\t\t\t\t<a data-elementor-open-lightbox=\"yes\" data-elementor-lightbox-slideshow=\"5cc0088d\" data-elementor-lightbox-title=\"lg-logo-1-2\" data-e-action-hash=\"#elementor-action%3Aaction%3Dlightbox%26settings%3DeyJpZCI6NjAsInVybCI6Imh0dHBzOlwvXC9ra2hwYXVuaWxhLmZpXC93cC1jb250ZW50XC91cGxvYWRzXC8yMDE5XC8xMlwvbGctbG9nby0xLTIuanBnIiwic2xpZGVzaG93IjoiNWNjMDA4OGQifQ%3D%3D\" href='https:\/\/kkhpaunila.fi\/wp-content\/uploads\/2019\/12\/lg-logo-1-2.jpg'><img loading=\"lazy\" decoding=\"async\" width=\"175\" height=\"103\" src=\"https:\/\/kkhpaunila.fi\/wp-content\/uploads\/2019\/12\/lg-logo-1-2.jpg\" class=\"attachment-medium size-medium\" alt=\"\" \/><\/a>\n\t\t\t<\/div><\/figure>\n\t\t<\/div>\n\t\t<\/div>\n\t\t\t\t\t\t<\/div>\n\t\t\t\t\t<\/div>\n\t\t<\/div>\n\t\t\t\t\t<\/div>\n\t\t<\/section>\n\t\t\t\t<\/div>\n\t\t","protected":false},"excerpt":{"rendered":"<p>HYV\u00c4 TIET\u00c4\u00c4! Tiesith\u00e4n ett\u00e4 suurin osa kotivakuutuksista maksaa kodinkoneen tarkastuksen takaisin.Tarkastuksella saadaan selville kuinka paljon koneen korjaus maksaa,jos konettaei kannata korjata vakuutusyhti\u00f6 maksaa yleens\u00e4 uudesta koneesta osan hinnasta.Alla vakuutusyhti\u00f6iden yhteystietoja. Tapiola, puh. 010195100Sampo, puh.\u00a0010191818Fennia, puh.\u00a00105038808Pohjant\u00e4hti, puh.\u00a0020763 4010VeritasIf,\u00a0puh.\u00a0010 19 18 18L\u00e4hiTapiola,\u00a0puh.\u00a0010 19 18 18NordeaPohjola,\u00a0puh.\u00a0\u00a003030303Aktia,\u00a0puh.\u00a00102475000Turva,\u00a0puh.\u00a0010195110\u00a0\u00a0Varatun huoltoajan peruutus tulee tehd\u00e4 v\u00e4hint\u00e4\u00e4n 24h ennen huoltoaikaa.Peruutus tulee tehd\u00e4 soittamalla tai [&hellip;]<\/p>\n","protected":false},"author":1,"featured_media":0,"parent":0,"menu_order":0,"comment_status":"closed","ping_status":"closed","template":"elementor_header_footer","meta":{"footnotes":""},"class_list":["post-32","page","type-page","status-publish","hentry","entry"],"_links":{"self":[{"href":"https:\/\/kkhpaunila.fi\/index.php?rest_route=\/wp\/v2\/pages\/32","targetHints":{"allow":["GET"]}}],"collection":[{"href":"https:\/\/kkhpaunila.fi\/index.php?rest_route=\/wp\/v2\/pages"}],"about":[{"href":"https:\/\/kkhpaunila.fi\/index.php?rest_route=\/wp\/v2\/types\/page"}],"author":[{"embeddable":true,"href":"https:\/\/kkhpaunila.fi\/index.php?rest_route=\/wp\/v2\/users\/1"}],"replies":[{"embeddable":true,"href":"https:\/\/kkhpaunila.fi\/index.php?rest_route=%2Fwp%2Fv2%2Fcomments&post=32"}],"version-history":[{"count":53,"href":"https:\/\/kkhpaunila.fi\/index.php?rest_route=\/wp\/v2\/pages\/32\/revisions"}],"predecessor-version":[{"id":398,"href":"https:\/\/kkhpaunila.fi\/index.php?rest_route=\/wp\/v2\/pages\/32\/revisions\/398"}],"wp:attachment":[{"href":"https:\/\/kkhpaunila.fi\/index.php?rest_route=%2Fwp%2Fv2%2Fmedia&parent=32"}],"curies":[{"name":"wp","href":"https:\/\/api.w.org\/{rel}","templated":true}]}}