{"id":36,"date":"2019-12-08T11:48:26","date_gmt":"2019-12-08T11:48:26","guid":{"rendered":"http:\/\/kkhpaunila.fi\/?page_id=36"},"modified":"2026-03-22T21:02:56","modified_gmt":"2026-03-22T21:02:56","slug":"yhteystiedot","status":"publish","type":"page","link":"https:\/\/kkhpaunila.fi\/?page_id=36","title":{"rendered":"Yhteystiedot"},"content":{"rendered":"\t\t<div data-elementor-type=\"wp-page\" data-elementor-id=\"36\" class=\"elementor elementor-36\">\n\t\t\t\t\t\t<section class=\"elementor-section elementor-top-section elementor-element elementor-element-26ec590 elementor-section-boxed elementor-section-height-default elementor-section-height-default\" data-id=\"26ec590\" data-element_type=\"section\" data-e-type=\"section\">\n\t\t\t\t\t\t<div class=\"elementor-container elementor-column-gap-default\">\n\t\t\t\t\t<div class=\"elementor-column elementor-col-100 elementor-top-column elementor-element elementor-element-574360b\" data-id=\"574360b\" data-element_type=\"column\" data-e-type=\"column\">\n\t\t\t<div class=\"elementor-widget-wrap elementor-element-populated\">\n\t\t\t\t\t\t<div class=\"elementor-element elementor-element-1afd278 elementor-widget elementor-widget-heading\" data-id=\"1afd278\" data-element_type=\"widget\" data-e-type=\"widget\" data-widget_type=\"heading.default\">\n\t\t\t\t\t<h2 class=\"elementor-heading-title elementor-size-default\">Paunila Group<\/h2>\t\t\t\t<\/div>\n\t\t\t\t<div class=\"elementor-element elementor-element-2ec2680 elementor-widget__width-initial elementor-widget elementor-widget-text-editor\" data-id=\"2ec2680\" data-element_type=\"widget\" data-e-type=\"widget\" data-widget_type=\"text-editor.default\">\n\t\t\t\t\t\t\t\t\t<p>Mannerheimintie 70 00250 Helsinki<\/p><p>Pitk\u00e4niityntie 1\u00a0 02860 Espoo<\/p><p>M\u00e4ntynummentie 14 Lohja ( Myym\u00e4l\u00e4 )<\/p><p>044-3333103<a href=\"mailto:Jouni.paunila@kkhpaunila.fi\"><br \/><\/a><a href=\"mailto:Huolto@kkhpaunila.fi\">asiakaspalvelu@paunila.fi<\/a><\/p>\t\t\t\t\t\t\t\t<\/div>\n\t\t\t\t<div class=\"elementor-element elementor-element-29f2a0e elementor-widget__width-initial elementor-widget elementor-widget-text-editor\" data-id=\"29f2a0e\" data-element_type=\"widget\" data-e-type=\"widget\" data-widget_type=\"text-editor.default\">\n\t\t\t\t\t\t\t\t\t<ul>\n<li>Arkisin 9.00-17.00<\/li>\n<li>Myym\u00e4l\u00e4 avoinna<\/li>\n<li>9.00-16.00<\/li>\n<li>LA-SU SULJETTU<\/li>\n<\/ul>\t\t\t\t\t\t\t\t<\/div>\n\t\t\t\t\t<\/div>\n\t\t<\/div>\n\t\t\t\t\t<\/div>\n\t\t<\/section>\n\t\t\t\t<section class=\"elementor-section elementor-top-section elementor-element elementor-element-b32f38b elementor-section-boxed elementor-section-height-default elementor-section-height-default\" data-id=\"b32f38b\" data-element_type=\"section\" data-e-type=\"section\">\n\t\t\t\t\t\t<div class=\"elementor-container elementor-column-gap-default\">\n\t\t\t\t\t<div class=\"elementor-column elementor-col-100 elementor-top-column elementor-element elementor-element-df71bc0\" data-id=\"df71bc0\" data-element_type=\"column\" data-e-type=\"column\">\n\t\t\t<div class=\"elementor-widget-wrap elementor-element-populated\">\n\t\t\t\t\t\t<div class=\"elementor-element elementor-element-cdf80b4 elementor-widget elementor-widget-google_maps\" data-id=\"cdf80b4\" data-element_type=\"widget\" data-e-type=\"widget\" data-widget_type=\"google_maps.default\">\n\t\t\t\t\t\t\t<div class=\"elementor-custom-embed\">\n\t\t\t<iframe loading=\"lazy\"\n\t\t\t\t\tsrc=\"https:\/\/maps.google.com\/maps?q=Mannerheimintie%2070&#038;t=m&#038;z=14&#038;output=embed&#038;iwloc=near\"\n\t\t\t\t\ttitle=\"Mannerheimintie 70\"\n\t\t\t\t\taria-label=\"Mannerheimintie 70\"\n\t\t\t><\/iframe>\n\t\t<\/div>\n\t\t\t\t\t\t<\/div>\n\t\t\t\t\t<\/div>\n\t\t<\/div>\n\t\t\t\t\t<\/div>\n\t\t<\/section>\n\t\t\t\t<section class=\"elementor-section elementor-top-section elementor-element elementor-element-eb45830 elementor-section-boxed elementor-section-height-default elementor-section-height-default\" data-id=\"eb45830\" data-element_type=\"section\" data-e-type=\"section\" data-settings=\"{&quot;background_background&quot;:&quot;classic&quot;}\">\n\t\t\t\t\t\t<div class=\"elementor-container elementor-column-gap-default\">\n\t\t\t\t\t<div class=\"elementor-column elementor-col-50 elementor-top-column elementor-element elementor-element-704006b6\" data-id=\"704006b6\" data-element_type=\"column\" data-e-type=\"column\" data-settings=\"{&quot;background_background&quot;:&quot;classic&quot;}\">\n\t\t\t<div class=\"elementor-widget-wrap elementor-element-populated\">\n\t\t\t\t\t\t<div class=\"elementor-element elementor-element-33df7f38 elementor-widget elementor-widget-shortcode\" data-id=\"33df7f38\" data-element_type=\"widget\" data-e-type=\"widget\" id=\"formi\" data-widget_type=\"shortcode.default\">\n\t\t\t\t\t\t\t<div class=\"elementor-shortcode\">\n<div class=\"wpcf7 no-js\" id=\"wpcf7-f68-o1\" lang=\"fi\" dir=\"ltr\" data-wpcf7-id=\"68\">\n<div class=\"screen-reader-response\"><p role=\"status\" aria-live=\"polite\" aria-atomic=\"true\"><\/p> <ul><\/ul><\/div>\n<form action=\"\/index.php?rest_route=%2Fwp%2Fv2%2Fpages%2F36#wpcf7-f68-o1\" method=\"post\" class=\"wpcf7-form init\" aria-label=\"Yhteydenottolomake\" novalidate=\"novalidate\" data-status=\"init\">\n<fieldset class=\"hidden-fields-container\"><input type=\"hidden\" name=\"_wpcf7\" value=\"68\" \/><input type=\"hidden\" name=\"_wpcf7_version\" value=\"6.1.5\" \/><input type=\"hidden\" name=\"_wpcf7_locale\" value=\"fi\" \/><input type=\"hidden\" name=\"_wpcf7_unit_tag\" value=\"wpcf7-f68-o1\" \/><input type=\"hidden\" name=\"_wpcf7_container_post\" value=\"0\" \/><input type=\"hidden\" name=\"_wpcf7_posted_data_hash\" value=\"\" \/>\n<\/fieldset>\n<p><label> Nimi (pakollinen)<br \/>\n<span class=\"wpcf7-form-control-wrap\" data-name=\"your-name\"><input size=\"40\" maxlength=\"400\" class=\"wpcf7-form-control wpcf7-text wpcf7-validates-as-required\" aria-required=\"true\" aria-invalid=\"false\" value=\"\" type=\"text\" name=\"your-name\" \/><\/span> <\/label>\n<\/p>\n<p><label> S\u00e4hk\u00f6posti (pakollinen)<br \/>\n<span class=\"wpcf7-form-control-wrap\" data-name=\"your-email\"><input size=\"40\" maxlength=\"400\" class=\"wpcf7-form-control wpcf7-email wpcf7-validates-as-required wpcf7-text wpcf7-validates-as-email\" aria-required=\"true\" aria-invalid=\"false\" value=\"\" type=\"email\" name=\"your-email\" \/><\/span> <\/label>\n<\/p>\n<p><label> Puhelinnumero (pakollinen)<br \/>\n<span class=\"wpcf7-form-control-wrap\" data-name=\"your-phone\"><input size=\"40\" maxlength=\"400\" class=\"wpcf7-form-control wpcf7-text wpcf7-validates-as-required\" aria-required=\"true\" aria-invalid=\"false\" value=\"\" type=\"text\" name=\"your-phone\" \/><\/span> <\/label>\n<\/p>\n<p>Aihe<br \/>\n<span class=\"wpcf7-form-control-wrap\" data-name=\"checkbox-75\"><span class=\"wpcf7-form-control wpcf7-checkbox\"><span class=\"wpcf7-list-item first\"><input type=\"checkbox\" name=\"checkbox-75[]\" value=\"Huoltotilaus\" \/><span class=\"wpcf7-list-item-label\">Huoltotilaus<\/span><\/span><span class=\"wpcf7-list-item\"><input type=\"checkbox\" name=\"checkbox-75[]\" value=\"Varaosatilaus\" \/><span class=\"wpcf7-list-item-label\">Varaosatilaus<\/span><\/span><span class=\"wpcf7-list-item last\"><input type=\"checkbox\" name=\"checkbox-75[]\" value=\"Tiedustelu\" \/><span class=\"wpcf7-list-item-label\">Tiedustelu<\/span><\/span><\/span><\/span>\n<\/p>\n<p><label> Laitteen merkki ja malli <span class=\"wpcf7-form-control-wrap\" data-name=\"your-mema\"><input size=\"40\" maxlength=\"400\" class=\"wpcf7-form-control wpcf7-text\" aria-invalid=\"false\" value=\"\" type=\"text\" name=\"your-mema\" \/><\/span> <\/label>\n<\/p>\n<p><label> Jos laite on takuunalainen sen ostop\u00e4iv\u00e4 ja paikka <span class=\"wpcf7-form-control-wrap\" data-name=\"your-takuu\"><input size=\"40\" maxlength=\"400\" class=\"wpcf7-form-control wpcf7-text\" aria-invalid=\"false\" value=\"\" type=\"text\" name=\"your-takuu\" \/><\/span> <\/label>\n<\/p>\n<p><label> Viesti<br \/>\n<span class=\"wpcf7-form-control-wrap\" data-name=\"your-message\"><textarea cols=\"40\" rows=\"10\" maxlength=\"2000\" class=\"wpcf7-form-control wpcf7-textarea\" aria-invalid=\"false\" name=\"your-message\"><\/textarea><\/span> <\/label>\n<\/p>\n<p><input class=\"wpcf7-form-control wpcf7-submit has-spinner\" type=\"submit\" value=\"L\u00e4het\u00e4\" \/>\n<\/p><div class=\"wpcf7-response-output\" aria-hidden=\"true\"><\/div>\n<\/form>\n<\/div>\n<\/div>\n\t\t\t\t\t\t<\/div>\n\t\t\t\t\t<\/div>\n\t\t<\/div>\n\t\t\t\t<div class=\"elementor-column elementor-col-50 elementor-top-column elementor-element elementor-element-7e005044\" data-id=\"7e005044\" data-element_type=\"column\" data-e-type=\"column\">\n\t\t\t<div class=\"elementor-widget-wrap elementor-element-populated\">\n\t\t\t\t\t\t<div class=\"elementor-element elementor-element-5d8bcf39 elementor-widget elementor-widget-image\" data-id=\"5d8bcf39\" data-element_type=\"widget\" data-e-type=\"widget\" data-widget_type=\"image.default\">\n\t\t\t\t\t\t\t\t\t\t\t\t\t\t\t<img decoding=\"async\" src=\"http:\/\/kkhpaunila.fi\/wp-content\/uploads\/2019\/12\/paunilalogo.png\" title=\"\" alt=\"\" loading=\"lazy\" \/>\t\t\t\t\t\t\t\t\t\t\t\t\t\t\t<\/div>\n\t\t\t\t<div class=\"elementor-element elementor-element-b042d2e elementor-widget-divider--view-line elementor-widget elementor-widget-divider\" data-id=\"b042d2e\" data-element_type=\"widget\" data-e-type=\"widget\" data-widget_type=\"divider.default\">\n\t\t\t\t\t\t\t<div class=\"elementor-divider\">\n\t\t\t<span class=\"elementor-divider-separator\">\n\t\t\t\t\t\t<\/span>\n\t\t<\/div>\n\t\t\t\t\t\t<\/div>\n\t\t\t\t<div class=\"elementor-element elementor-element-7fa3cbde elementor-widget elementor-widget-text-editor\" data-id=\"7fa3cbde\" data-element_type=\"widget\" data-e-type=\"widget\" data-widget_type=\"text-editor.default\">\n\t\t\t\t\t\t\t\t\t<p>Olethan yhteydess\u00e4 jos mieleen j\u00e4i kysymyksi\u00e4 tai tarkennuksia.\u00a0<\/p>\t\t\t\t\t\t\t\t<\/div>\n\t\t\t\t<div class=\"elementor-element elementor-element-4a71eb88 elementor-view-default elementor-widget elementor-widget-icon\" data-id=\"4a71eb88\" data-element_type=\"widget\" data-e-type=\"widget\" data-widget_type=\"icon.default\">\n\t\t\t\t\t\t\t<div class=\"elementor-icon-wrapper\">\n\t\t\t<div class=\"elementor-icon\">\n\t\t\t<svg aria-hidden=\"true\" class=\"e-font-icon-svg e-fas-envelope\" viewBox=\"0 0 512 512\" xmlns=\"http:\/\/www.w3.org\/2000\/svg\"><path d=\"M502.3 190.8c3.9-3.1 9.7-.2 9.7 4.7V400c0 26.5-21.5 48-48 48H48c-26.5 0-48-21.5-48-48V195.6c0-5 5.7-7.8 9.7-4.7 22.4 17.4 52.1 39.5 154.1 113.6 21.1 15.4 56.7 47.8 92.2 47.6 35.7.3 72-32.8 92.3-47.6 102-74.1 131.6-96.3 154-113.7zM256 320c23.2.4 56.6-29.2 73.4-41.4 132.7-96.3 142.8-104.7 173.4-128.7 5.8-4.5 9.2-11.5 9.2-18.9v-19c0-26.5-21.5-48-48-48H48C21.5 64 0 85.5 0 112v19c0 7.4 3.4 14.3 9.2 18.9 30.6 23.9 40.7 32.4 173.4 128.7 16.8 12.2 50.2 41.8 73.4 41.4z\"><\/path><\/svg>\t\t\t<\/div>\n\t\t<\/div>\n\t\t\t\t\t\t<\/div>\n\t\t\t\t<div class=\"elementor-element elementor-element-6d9c6a91 elementor-widget elementor-widget-text-editor\" data-id=\"6d9c6a91\" data-element_type=\"widget\" data-e-type=\"widget\" data-widget_type=\"text-editor.default\">\n\t\t\t\t\t\t\t\t\tasiakaspalvelu@paunila.fi\t\t\t\t\t\t\t\t<\/div>\n\t\t\t\t<div class=\"elementor-element elementor-element-717f2c38 elementor-view-default elementor-widget elementor-widget-icon\" data-id=\"717f2c38\" data-element_type=\"widget\" data-e-type=\"widget\" data-widget_type=\"icon.default\">\n\t\t\t\t\t\t\t<div class=\"elementor-icon-wrapper\">\n\t\t\t<div class=\"elementor-icon\">\n\t\t\t<svg aria-hidden=\"true\" class=\"e-font-icon-svg e-fas-phone-square-alt\" viewBox=\"0 0 448 512\" xmlns=\"http:\/\/www.w3.org\/2000\/svg\"><path d=\"M400 32H48A48 48 0 0 0 0 80v352a48 48 0 0 0 48 48h352a48 48 0 0 0 48-48V80a48 48 0 0 0-48-48zm-16.39 307.37l-15 65A15 15 0 0 1 354 416C194 416 64 286.29 64 126a15.7 15.7 0 0 1 11.63-14.61l65-15A18.23 18.23 0 0 1 144 96a16.27 16.27 0 0 1 13.79 9.09l30 70A17.9 17.9 0 0 1 189 181a17 17 0 0 1-5.5 11.61l-37.89 31a231.91 231.91 0 0 0 110.78 110.78l31-37.89A17 17 0 0 1 299 291a17.85 17.85 0 0 1 5.91 1.21l70 30A16.25 16.25 0 0 1 384 336a17.41 17.41 0 0 1-.39 3.37z\"><\/path><\/svg>\t\t\t<\/div>\n\t\t<\/div>\n\t\t\t\t\t\t<\/div>\n\t\t\t\t<div class=\"elementor-element elementor-element-5230672c elementor-widget elementor-widget-text-editor\" data-id=\"5230672c\" data-element_type=\"widget\" data-e-type=\"widget\" data-widget_type=\"text-editor.default\">\n\t\t\t\t\t\t\t\t\t<p>0443333103<\/p>\t\t\t\t\t\t\t\t<\/div>\n\t\t\t\t\t<\/div>\n\t\t<\/div>\n\t\t\t\t\t<\/div>\n\t\t<\/section>\n\t\t\t\t<section class=\"elementor-section elementor-top-section elementor-element elementor-element-7db3bdff elementor-section-content-middle elementor-section-boxed elementor-section-height-default elementor-section-height-default\" data-id=\"7db3bdff\" data-element_type=\"section\" data-e-type=\"section\">\n\t\t\t\t\t\t<div class=\"elementor-container elementor-column-gap-default\">\n\t\t\t\t\t<div class=\"elementor-column elementor-col-100 elementor-top-column elementor-element elementor-element-4d7a980e\" data-id=\"4d7a980e\" data-element_type=\"column\" data-e-type=\"column\">\n\t\t\t<div class=\"elementor-widget-wrap elementor-element-populated\">\n\t\t\t\t\t\t<div class=\"elementor-element elementor-element-3af24fc3 elementor-widget elementor-widget-image-gallery\" data-id=\"3af24fc3\" data-element_type=\"widget\" data-e-type=\"widget\" data-widget_type=\"image-gallery.default\">\n\t\t\t\t\t\t\t<div class=\"elementor-image-gallery\">\n\t\t\t<div id='gallery-1' class='gallery galleryid-36 gallery-columns-3 gallery-size-medium'><figure class='gallery-item'>\n\t\t\t<div class='gallery-icon landscape'>\n\t\t\t\t<a data-elementor-open-lightbox=\"yes\" data-elementor-lightbox-slideshow=\"3af24fc3\" data-elementor-lightbox-title=\"Electrolux-Logo\" data-e-action-hash=\"#elementor-action%3Aaction%3Dlightbox%26settings%3DeyJpZCI6NTgsInVybCI6Imh0dHBzOlwvXC9ra2hwYXVuaWxhLmZpXC93cC1jb250ZW50XC91cGxvYWRzXC8yMDE5XC8xMlwvRWxlY3Ryb2x1eC1Mb2dvLnBuZyIsInNsaWRlc2hvdyI6IjNhZjI0ZmMzIn0%3D\" href='https:\/\/kkhpaunila.fi\/wp-content\/uploads\/2019\/12\/Electrolux-Logo.png'><img fetchpriority=\"high\" decoding=\"async\" width=\"300\" height=\"169\" src=\"https:\/\/kkhpaunila.fi\/wp-content\/uploads\/2019\/12\/Electrolux-Logo-300x169.png\" class=\"attachment-medium size-medium\" alt=\"\" srcset=\"https:\/\/kkhpaunila.fi\/wp-content\/uploads\/2019\/12\/Electrolux-Logo-300x169.png 300w, https:\/\/kkhpaunila.fi\/wp-content\/uploads\/2019\/12\/Electrolux-Logo-1024x576.png 1024w, https:\/\/kkhpaunila.fi\/wp-content\/uploads\/2019\/12\/Electrolux-Logo-768x432.png 768w, https:\/\/kkhpaunila.fi\/wp-content\/uploads\/2019\/12\/Electrolux-Logo-1536x864.png 1536w, https:\/\/kkhpaunila.fi\/wp-content\/uploads\/2019\/12\/Electrolux-Logo.png 1920w\" sizes=\"(max-width: 300px) 100vw, 300px\" \/><\/a>\n\t\t\t<\/div><\/figure><figure class='gallery-item'>\n\t\t\t<div class='gallery-icon landscape'>\n\t\t\t\t<a data-elementor-open-lightbox=\"yes\" data-elementor-lightbox-slideshow=\"3af24fc3\" data-elementor-lightbox-title=\"logo-rosenlew\" data-e-action-hash=\"#elementor-action%3Aaction%3Dlightbox%26settings%3DeyJpZCI6NTcsInVybCI6Imh0dHBzOlwvXC9ra2hwYXVuaWxhLmZpXC93cC1jb250ZW50XC91cGxvYWRzXC8yMDE5XC8xMlwvbG9nby1yb3Nlbmxldy5wbmciLCJzbGlkZXNob3ciOiIzYWYyNGZjMyJ9\" href='https:\/\/kkhpaunila.fi\/wp-content\/uploads\/2019\/12\/logo-rosenlew.png'><img decoding=\"async\" width=\"300\" height=\"104\" src=\"https:\/\/kkhpaunila.fi\/wp-content\/uploads\/2019\/12\/logo-rosenlew-300x104.png\" class=\"attachment-medium size-medium\" alt=\"\" srcset=\"https:\/\/kkhpaunila.fi\/wp-content\/uploads\/2019\/12\/logo-rosenlew-300x104.png 300w, https:\/\/kkhpaunila.fi\/wp-content\/uploads\/2019\/12\/logo-rosenlew-768x265.png 768w, https:\/\/kkhpaunila.fi\/wp-content\/uploads\/2019\/12\/logo-rosenlew.png 813w\" sizes=\"(max-width: 300px) 100vw, 300px\" \/><\/a>\n\t\t\t<\/div><\/figure><figure class='gallery-item'>\n\t\t\t<div class='gallery-icon landscape'>\n\t\t\t\t<a data-elementor-open-lightbox=\"yes\" data-elementor-lightbox-slideshow=\"3af24fc3\" data-elementor-lightbox-title=\"Bosch-01-2\" data-e-action-hash=\"#elementor-action%3Aaction%3Dlightbox%26settings%3DeyJpZCI6NTYsInVybCI6Imh0dHBzOlwvXC9ra2hwYXVuaWxhLmZpXC93cC1jb250ZW50XC91cGxvYWRzXC8yMDE5XC8xMlwvQm9zY2gtMDEtMi5wbmciLCJzbGlkZXNob3ciOiIzYWYyNGZjMyJ9\" href='https:\/\/kkhpaunila.fi\/wp-content\/uploads\/2019\/12\/Bosch-01-2.png'><img decoding=\"async\" width=\"219\" height=\"56\" src=\"https:\/\/kkhpaunila.fi\/wp-content\/uploads\/2019\/12\/Bosch-01-2.png\" class=\"attachment-medium size-medium\" alt=\"\" \/><\/a>\n\t\t\t<\/div><\/figure><figure class='gallery-item'>\n\t\t\t<div class='gallery-icon landscape'>\n\t\t\t\t<a data-elementor-open-lightbox=\"yes\" data-elementor-lightbox-slideshow=\"3af24fc3\" data-elementor-lightbox-title=\"aeg2\" data-e-action-hash=\"#elementor-action%3Aaction%3Dlightbox%26settings%3DeyJpZCI6NjMsInVybCI6Imh0dHBzOlwvXC9ra2hwYXVuaWxhLmZpXC93cC1jb250ZW50XC91cGxvYWRzXC8yMDE5XC8xMlwvYWVnMi5naWYiLCJzbGlkZXNob3ciOiIzYWYyNGZjMyJ9\" href='https:\/\/kkhpaunila.fi\/wp-content\/uploads\/2019\/12\/aeg2.gif'><img loading=\"lazy\" decoding=\"async\" width=\"162\" height=\"62\" src=\"https:\/\/kkhpaunila.fi\/wp-content\/uploads\/2019\/12\/aeg2.gif\" class=\"attachment-medium size-medium\" alt=\"\" \/><\/a>\n\t\t\t<\/div><\/figure><figure class='gallery-item'>\n\t\t\t<div class='gallery-icon landscape'>\n\t\t\t\t<a data-elementor-open-lightbox=\"yes\" data-elementor-lightbox-slideshow=\"3af24fc3\" data-elementor-lightbox-title=\"Whirlpool-01-2\" data-e-action-hash=\"#elementor-action%3Aaction%3Dlightbox%26settings%3DeyJpZCI6NTksInVybCI6Imh0dHBzOlwvXC9ra2hwYXVuaWxhLmZpXC93cC1jb250ZW50XC91cGxvYWRzXC8yMDE5XC8xMlwvV2hpcmxwb29sLTAxLTIucG5nIiwic2xpZGVzaG93IjoiM2FmMjRmYzMifQ%3D%3D\" href='https:\/\/kkhpaunila.fi\/wp-content\/uploads\/2019\/12\/Whirlpool-01-2.png'><img loading=\"lazy\" decoding=\"async\" width=\"234\" height=\"111\" src=\"https:\/\/kkhpaunila.fi\/wp-content\/uploads\/2019\/12\/Whirlpool-01-2.png\" class=\"attachment-medium size-medium\" alt=\"\" \/><\/a>\n\t\t\t<\/div><\/figure><figure class='gallery-item'>\n\t\t\t<div class='gallery-icon landscape'>\n\t\t\t\t<a data-elementor-open-lightbox=\"yes\" data-elementor-lightbox-slideshow=\"3af24fc3\" data-elementor-lightbox-title=\"siemens-logo\" data-e-action-hash=\"#elementor-action%3Aaction%3Dlightbox%26settings%3DeyJpZCI6NjIsInVybCI6Imh0dHBzOlwvXC9ra2hwYXVuaWxhLmZpXC93cC1jb250ZW50XC91cGxvYWRzXC8yMDE5XC8xMlwvc2llbWVucy1sb2dvLmpwZyIsInNsaWRlc2hvdyI6IjNhZjI0ZmMzIn0%3D\" href='https:\/\/kkhpaunila.fi\/wp-content\/uploads\/2019\/12\/siemens-logo.jpg'><img loading=\"lazy\" decoding=\"async\" width=\"300\" height=\"120\" src=\"https:\/\/kkhpaunila.fi\/wp-content\/uploads\/2019\/12\/siemens-logo-300x120.jpg\" class=\"attachment-medium size-medium\" alt=\"\" srcset=\"https:\/\/kkhpaunila.fi\/wp-content\/uploads\/2019\/12\/siemens-logo-300x120.jpg 300w, https:\/\/kkhpaunila.fi\/wp-content\/uploads\/2019\/12\/siemens-logo.jpg 500w\" sizes=\"(max-width: 300px) 100vw, 300px\" \/><\/a>\n\t\t\t<\/div><\/figure><figure class='gallery-item'>\n\t\t\t<div class='gallery-icon landscape'>\n\t\t\t\t<a data-elementor-open-lightbox=\"yes\" data-elementor-lightbox-slideshow=\"3af24fc3\" data-elementor-lightbox-title=\"1280px-Samsung_Logo.svg_\" data-e-action-hash=\"#elementor-action%3Aaction%3Dlightbox%26settings%3DeyJpZCI6NjEsInVybCI6Imh0dHBzOlwvXC9ra2hwYXVuaWxhLmZpXC93cC1jb250ZW50XC91cGxvYWRzXC8yMDE5XC8xMlwvMTI4MHB4LVNhbXN1bmdfTG9nby5zdmdfLnBuZyIsInNsaWRlc2hvdyI6IjNhZjI0ZmMzIn0%3D\" href='https:\/\/kkhpaunila.fi\/wp-content\/uploads\/2019\/12\/1280px-Samsung_Logo.svg_.png'><img loading=\"lazy\" decoding=\"async\" width=\"300\" height=\"100\" src=\"https:\/\/kkhpaunila.fi\/wp-content\/uploads\/2019\/12\/1280px-Samsung_Logo.svg_-300x100.png\" class=\"attachment-medium size-medium\" alt=\"\" srcset=\"https:\/\/kkhpaunila.fi\/wp-content\/uploads\/2019\/12\/1280px-Samsung_Logo.svg_-300x100.png 300w, https:\/\/kkhpaunila.fi\/wp-content\/uploads\/2019\/12\/1280px-Samsung_Logo.svg_-1024x340.png 1024w, https:\/\/kkhpaunila.fi\/wp-content\/uploads\/2019\/12\/1280px-Samsung_Logo.svg_-768x255.png 768w, https:\/\/kkhpaunila.fi\/wp-content\/uploads\/2019\/12\/1280px-Samsung_Logo.svg_.png 1280w\" sizes=\"(max-width: 300px) 100vw, 300px\" \/><\/a>\n\t\t\t<\/div><\/figure><figure class='gallery-item'>\n\t\t\t<div class='gallery-icon landscape'>\n\t\t\t\t<a data-elementor-open-lightbox=\"yes\" data-elementor-lightbox-slideshow=\"3af24fc3\" data-elementor-lightbox-title=\"lg-logo-1-2\" data-e-action-hash=\"#elementor-action%3Aaction%3Dlightbox%26settings%3DeyJpZCI6NjAsInVybCI6Imh0dHBzOlwvXC9ra2hwYXVuaWxhLmZpXC93cC1jb250ZW50XC91cGxvYWRzXC8yMDE5XC8xMlwvbGctbG9nby0xLTIuanBnIiwic2xpZGVzaG93IjoiM2FmMjRmYzMifQ%3D%3D\" href='https:\/\/kkhpaunila.fi\/wp-content\/uploads\/2019\/12\/lg-logo-1-2.jpg'><img loading=\"lazy\" decoding=\"async\" width=\"175\" height=\"103\" src=\"https:\/\/kkhpaunila.fi\/wp-content\/uploads\/2019\/12\/lg-logo-1-2.jpg\" class=\"attachment-medium size-medium\" alt=\"\" \/><\/a>\n\t\t\t<\/div><\/figure><figure class='gallery-item'>\n\t\t\t<div class='gallery-icon landscape'>\n\t\t\t\t<a data-elementor-open-lightbox=\"yes\" data-elementor-lightbox-slideshow=\"3af24fc3\" data-elementor-lightbox-title=\"2000px-Miele_logo-copy-300x150\" data-e-action-hash=\"#elementor-action%3Aaction%3Dlightbox%26settings%3DeyJpZCI6MzA5LCJ1cmwiOiJodHRwczpcL1wva2tocGF1bmlsYS5maVwvd3AtY29udGVudFwvdXBsb2Fkc1wvMjAyM1wvMTFcLzIwMDBweC1NaWVsZV9sb2dvLWNvcHktMzAweDE1MC0xLnBuZyIsInNsaWRlc2hvdyI6IjNhZjI0ZmMzIn0%3D\" href='https:\/\/kkhpaunila.fi\/wp-content\/uploads\/2023\/11\/2000px-Miele_logo-copy-300x150-1.png'><img loading=\"lazy\" decoding=\"async\" width=\"168\" height=\"42\" src=\"https:\/\/kkhpaunila.fi\/wp-content\/uploads\/2023\/11\/2000px-Miele_logo-copy-300x150-1.png\" class=\"attachment-medium size-medium\" alt=\"\" \/><\/a>\n\t\t\t<\/div><\/figure>\n\t\t<\/div>\n\t\t<\/div>\n\t\t\t\t\t\t<\/div>\n\t\t\t\t\t<\/div>\n\t\t<\/div>\n\t\t\t\t\t<\/div>\n\t\t<\/section>\n\t\t\t\t<\/div>\n\t\t","protected":false},"excerpt":{"rendered":"<p>Paunila Group Mannerheimintie 70 00250 Helsinki Pitk\u00e4niityntie 1\u00a0 02860 Espoo M\u00e4ntynummentie 14 Lohja ( Myym\u00e4l\u00e4 ) 044-3333103asiakaspalvelu@paunila.fi Arkisin 9.00-17.00 Myym\u00e4l\u00e4 avoinna 9.00-16.00 LA-SU SULJETTU Olethan yhteydess\u00e4 jos mieleen j\u00e4i kysymyksi\u00e4 tai tarkennuksia.\u00a0 asiakaspalvelu@paunila.fi 0443333103<\/p>\n","protected":false},"author":1,"featured_media":0,"parent":0,"menu_order":0,"comment_status":"closed","ping_status":"closed","template":"elementor_header_footer","meta":{"footnotes":""},"class_list":["post-36","page","type-page","status-publish","hentry","entry"],"_links":{"self":[{"href":"https:\/\/kkhpaunila.fi\/index.php?rest_route=\/wp\/v2\/pages\/36","targetHints":{"allow":["GET"]}}],"collection":[{"href":"https:\/\/kkhpaunila.fi\/index.php?rest_route=\/wp\/v2\/pages"}],"about":[{"href":"https:\/\/kkhpaunila.fi\/index.php?rest_route=\/wp\/v2\/types\/page"}],"author":[{"embeddable":true,"href":"https:\/\/kkhpaunila.fi\/index.php?rest_route=\/wp\/v2\/users\/1"}],"replies":[{"embeddable":true,"href":"https:\/\/kkhpaunila.fi\/index.php?rest_route=%2Fwp%2Fv2%2Fcomments&post=36"}],"version-history":[{"count":86,"href":"https:\/\/kkhpaunila.fi\/index.php?rest_route=\/wp\/v2\/pages\/36\/revisions"}],"predecessor-version":[{"id":413,"href":"https:\/\/kkhpaunila.fi\/index.php?rest_route=\/wp\/v2\/pages\/36\/revisions\/413"}],"wp:attachment":[{"href":"https:\/\/kkhpaunila.fi\/index.php?rest_route=%2Fwp%2Fv2%2Fmedia&parent=36"}],"curies":[{"name":"wp","href":"https:\/\/api.w.org\/{rel}","templated":true}]}}